{"id":9041,"date":"2024-01-29T14:49:38","date_gmt":"2024-01-29T12:49:38","guid":{"rendered":"https:\/\/thegreenballoon.org\/patisxclima\/?page_id=9041"},"modified":"2026-03-12T12:27:15","modified_gmt":"2026-03-12T10:27:15","slug":"patios-x-clima-en-accio","status":"publish","type":"page","link":"https:\/\/thegreenballoon.org\/patisxclima\/patios-x-clima-en-accio\/","title":{"rendered":"patios x clima en acci\u00f3n"},"content":{"rendered":"\n<div class=\"wp-block-query noticies noticias news is-layout-flow wp-block-query-is-layout-flow\"><ul class=\"columns-2 wp-block-post-template is-layout-grid wp-container-core-post-template-is-layout-17361a50 wp-block-post-template-is-layout-grid\"><li class=\"wp-block-post post-12021 post type-post status-publish format-standard has-post-thumbnail hentry category-noticias category-patios-x-clima-en-accion infinite-scroll-item generate-columns tablet-grid-50 mobile-grid-100 grid-parent grid-25 no-featured-image-padding\">\n<figure style=\"aspect-ratio:16\/9;\" class=\"wp-block-post-featured-image\"><a href=\"https:\/\/thegreenballoon.org\/patisxclima\/patios-x-clima-en-accion\/un-patio-vivo-el-nuestro-activo\/\" target=\"_self\"  ><img loading=\"lazy\" decoding=\"async\" width=\"1247\" height=\"701\" src=\"https:\/\/thegreenballoon.org\/patisxclima\/wp-content\/uploads\/2025\/02\/250226_pxcA-film.jpg\" class=\"attachment-post-thumbnail size-post-thumbnail wp-post-image\" alt=\"un patio vivo, el nuestro activo !!\" style=\"width:100%;height:100%;object-fit:cover;\" srcset=\"https:\/\/thegreenballoon.org\/patisxclima\/wp-content\/uploads\/2025\/02\/250226_pxcA-film.jpg 1247w, https:\/\/thegreenballoon.org\/patisxclima\/wp-content\/uploads\/2025\/02\/250226_pxcA-film-300x169.jpg 300w, https:\/\/thegreenballoon.org\/patisxclima\/wp-content\/uploads\/2025\/02\/250226_pxcA-film-1024x576.jpg 1024w, https:\/\/thegreenballoon.org\/patisxclima\/wp-content\/uploads\/2025\/02\/250226_pxcA-film-768x432.jpg 768w\" sizes=\"auto, (max-width: 1247px) 100vw, 1247px\" \/><\/a><\/figure>\n\n\n<div class=\"wp-block-group is-vertical is-content-justification-stretch is-layout-flex wp-container-core-group-is-layout-b16ad781 wp-block-group-is-layout-flex\"><h3 class=\"wp-block-post-title\"><a href=\"https:\/\/thegreenballoon.org\/patisxclima\/patios-x-clima-en-accion\/un-patio-vivo-el-nuestro-activo\/\" target=\"_self\" >un patio vivo, el nuestro activo !!<\/a><\/h3>\n\n<div class=\"wp-block-post-excerpt\"><p class=\"wp-block-post-excerpt__excerpt\">Patios x clima en Acci\u00f3n es un programa apoyado por la Oficina de Cambio y Clim\u00e1tico y Sostenibilidad del Ayuntamiento&hellip; <\/p><\/div><\/div>\n\n<\/li><li class=\"wp-block-post post-12870 post type-post status-publish format-standard has-post-thumbnail hentry category-noticias category-patios-x-clima-en-accion infinite-scroll-item generate-columns tablet-grid-50 mobile-grid-100 grid-parent grid-25 no-featured-image-padding\">\n<figure style=\"aspect-ratio:16\/9;\" class=\"wp-block-post-featured-image\"><a href=\"https:\/\/thegreenballoon.org\/patisxclima\/noticias\/tallers-de-manteniment-del-verd-per-la-teva-escola-2\/\" target=\"_self\"  ><img loading=\"lazy\" decoding=\"async\" width=\"1134\" height=\"850\" src=\"https:\/\/thegreenballoon.org\/patisxclima\/wp-content\/uploads\/2024\/09\/IMG_5747.jpeg\" class=\"attachment-post-thumbnail size-post-thumbnail wp-post-image\" alt=\"Talleres de mantenimiento de zonas verdes en tu escuela\" style=\"width:100%;height:100%;object-fit:cover;\" srcset=\"https:\/\/thegreenballoon.org\/patisxclima\/wp-content\/uploads\/2024\/09\/IMG_5747.jpeg 1134w, https:\/\/thegreenballoon.org\/patisxclima\/wp-content\/uploads\/2024\/09\/IMG_5747-300x225.jpeg 300w, https:\/\/thegreenballoon.org\/patisxclima\/wp-content\/uploads\/2024\/09\/IMG_5747-1024x768.jpeg 1024w, https:\/\/thegreenballoon.org\/patisxclima\/wp-content\/uploads\/2024\/09\/IMG_5747-768x576.jpeg 768w\" sizes=\"auto, (max-width: 1134px) 100vw, 1134px\" \/><\/a><\/figure>\n\n\n<div class=\"wp-block-group is-vertical is-content-justification-stretch is-layout-flex wp-container-core-group-is-layout-b16ad781 wp-block-group-is-layout-flex\"><h3 class=\"wp-block-post-title\"><a href=\"https:\/\/thegreenballoon.org\/patisxclima\/noticias\/tallers-de-manteniment-del-verd-per-la-teva-escola-2\/\" target=\"_self\" >Talleres de mantenimiento de zonas verdes en tu escuela<\/a><\/h3>\n\n<div class=\"wp-block-post-excerpt\"><p class=\"wp-block-post-excerpt__excerpt\">\u00bfTu patio es un patio abierto los fines de semana, ten\u00e9is huerto, vegetaci\u00f3n o cont\u00e1is con estructuras de madera? \u00bfC\u00f3mo&hellip; <\/p><\/div><\/div>\n\n<\/li><li class=\"wp-block-post post-11746 post type-post status-publish format-standard has-post-thumbnail hentry category-exposiciones category-noticias category-patios-x-clima-en-accion tag-barcelona-es tag-catalunya infinite-scroll-item generate-columns tablet-grid-50 mobile-grid-100 grid-parent grid-25 no-featured-image-padding\">\n<figure style=\"aspect-ratio:16\/9;\" class=\"wp-block-post-featured-image\"><a href=\"https:\/\/thegreenballoon.org\/patisxclima\/exposiciones\/educacion-accion-comunitaria-y-corresponsabilidad\/\" target=\"_self\"  ><img loading=\"lazy\" decoding=\"async\" width=\"1000\" height=\"400\" src=\"https:\/\/thegreenballoon.org\/patisxclima\/wp-content\/uploads\/2024\/11\/241016_portada-expo-pxcA.jpg\" class=\"attachment-post-thumbnail size-post-thumbnail wp-post-image\" alt=\"Educaci\u00f3n, Acci\u00f3n Comunitaria y Corresponsabilidad\" style=\"width:100%;height:100%;object-fit:cover;\" srcset=\"https:\/\/thegreenballoon.org\/patisxclima\/wp-content\/uploads\/2024\/11\/241016_portada-expo-pxcA.jpg 1000w, https:\/\/thegreenballoon.org\/patisxclima\/wp-content\/uploads\/2024\/11\/241016_portada-expo-pxcA-300x120.jpg 300w, https:\/\/thegreenballoon.org\/patisxclima\/wp-content\/uploads\/2024\/11\/241016_portada-expo-pxcA-768x307.jpg 768w\" sizes=\"auto, (max-width: 1000px) 100vw, 1000px\" \/><\/a><\/figure>\n\n\n<div class=\"wp-block-group is-vertical is-content-justification-stretch is-layout-flex wp-container-core-group-is-layout-b16ad781 wp-block-group-is-layout-flex\"><h3 class=\"wp-block-post-title\"><a href=\"https:\/\/thegreenballoon.org\/patisxclima\/exposiciones\/educacion-accion-comunitaria-y-corresponsabilidad\/\" target=\"_self\" >Educaci\u00f3n, Acci\u00f3n Comunitaria y Corresponsabilidad<\/a><\/h3>\n\n<div class=\"wp-block-post-excerpt\"><p class=\"wp-block-post-excerpt__excerpt\">La exposici\u00f3n El Patio como Herramienta de Resiliencia Urbana. Una exposici\u00f3n que explica los objetivos y las acciones llevados a&hellip; <\/p><\/div><\/div>\n\n<\/li><li class=\"wp-block-post post-11640 post type-post status-publish format-standard has-post-thumbnail hentry category-noticias category-patios-x-clima-en-accion infinite-scroll-item generate-columns tablet-grid-50 mobile-grid-100 grid-parent grid-25 no-featured-image-padding\">\n<figure style=\"aspect-ratio:16\/9;\" class=\"wp-block-post-featured-image\"><a href=\"https:\/\/thegreenballoon.org\/patisxclima\/patios-x-clima-en-accion\/los-ecosistemas-de-patios-x-clima-en-accio-participan-en-una-dinamica-de-participacion-comunitaria\/\" target=\"_self\"  ><img loading=\"lazy\" decoding=\"async\" width=\"1600\" height=\"1200\" src=\"https:\/\/thegreenballoon.org\/patisxclima\/wp-content\/uploads\/2024\/10\/241016_VIII_Jornades_TardaDivulgativa_19.jpeg\" class=\"attachment-post-thumbnail size-post-thumbnail wp-post-image\" alt=\"PxC\u00a0en Acci\u00f3n indaga en teor\u00eda de sistemas\" style=\"width:100%;height:100%;object-fit:cover;\" srcset=\"https:\/\/thegreenballoon.org\/patisxclima\/wp-content\/uploads\/2024\/10\/241016_VIII_Jornades_TardaDivulgativa_19.jpeg 1600w, https:\/\/thegreenballoon.org\/patisxclima\/wp-content\/uploads\/2024\/10\/241016_VIII_Jornades_TardaDivulgativa_19-300x225.jpeg 300w, https:\/\/thegreenballoon.org\/patisxclima\/wp-content\/uploads\/2024\/10\/241016_VIII_Jornades_TardaDivulgativa_19-1024x768.jpeg 1024w, https:\/\/thegreenballoon.org\/patisxclima\/wp-content\/uploads\/2024\/10\/241016_VIII_Jornades_TardaDivulgativa_19-768x576.jpeg 768w, https:\/\/thegreenballoon.org\/patisxclima\/wp-content\/uploads\/2024\/10\/241016_VIII_Jornades_TardaDivulgativa_19-1536x1152.jpeg 1536w\" sizes=\"auto, (max-width: 1600px) 100vw, 1600px\" \/><\/a><\/figure>\n\n\n<div class=\"wp-block-group is-vertical is-content-justification-stretch is-layout-flex wp-container-core-group-is-layout-b16ad781 wp-block-group-is-layout-flex\"><h3 class=\"wp-block-post-title\"><a href=\"https:\/\/thegreenballoon.org\/patisxclima\/patios-x-clima-en-accion\/los-ecosistemas-de-patios-x-clima-en-accio-participan-en-una-dinamica-de-participacion-comunitaria\/\" target=\"_self\" >PxC\u00a0en Acci\u00f3n indaga en teor\u00eda de sistemas<\/a><\/h3>\n\n<div class=\"wp-block-post-excerpt\"><p class=\"wp-block-post-excerpt__excerpt\">El 16 de octubre 2024, durante las VIII Jornadas de renaturalizaci\u00f3n de espacios y entornos educativos, los tres ecosistemas&#8230; <\/p><\/div><\/div>\n\n<\/li><li class=\"wp-block-post post-11317 post type-post status-publish format-standard has-post-thumbnail hentry category-noticias category-patios-x-clima-en-accion infinite-scroll-item generate-columns tablet-grid-50 mobile-grid-100 grid-parent grid-25 no-featured-image-padding\">\n<figure style=\"aspect-ratio:16\/9;\" class=\"wp-block-post-featured-image\"><a href=\"https:\/\/thegreenballoon.org\/patisxclima\/noticias\/en-verano-seguimos-con-las-actividades-de-patios-x-clima-en-accion\/\" target=\"_self\"  ><img loading=\"lazy\" decoding=\"async\" width=\"2000\" height=\"1500\" src=\"https:\/\/thegreenballoon.org\/patisxclima\/wp-content\/uploads\/2024\/07\/Taller_Compostatge_Les_Aigues_2.jpeg\" class=\"attachment-post-thumbnail size-post-thumbnail wp-post-image\" alt=\"En verano seguimos con las actividades de patios x clima en Acci\u00f3n\" style=\"width:100%;height:100%;object-fit:cover;\" srcset=\"https:\/\/thegreenballoon.org\/patisxclima\/wp-content\/uploads\/2024\/07\/Taller_Compostatge_Les_Aigues_2.jpeg 2000w, https:\/\/thegreenballoon.org\/patisxclima\/wp-content\/uploads\/2024\/07\/Taller_Compostatge_Les_Aigues_2-300x225.jpeg 300w, https:\/\/thegreenballoon.org\/patisxclima\/wp-content\/uploads\/2024\/07\/Taller_Compostatge_Les_Aigues_2-1024x768.jpeg 1024w, https:\/\/thegreenballoon.org\/patisxclima\/wp-content\/uploads\/2024\/07\/Taller_Compostatge_Les_Aigues_2-768x576.jpeg 768w, https:\/\/thegreenballoon.org\/patisxclima\/wp-content\/uploads\/2024\/07\/Taller_Compostatge_Les_Aigues_2-1536x1152.jpeg 1536w\" sizes=\"auto, (max-width: 2000px) 100vw, 2000px\" \/><\/a><\/figure>\n\n\n<div class=\"wp-block-group is-vertical is-content-justification-stretch is-layout-flex wp-container-core-group-is-layout-b16ad781 wp-block-group-is-layout-flex\"><h3 class=\"wp-block-post-title\"><a href=\"https:\/\/thegreenballoon.org\/patisxclima\/noticias\/en-verano-seguimos-con-las-actividades-de-patios-x-clima-en-accion\/\" target=\"_self\" >En verano seguimos con las actividades de patios x clima en Acci\u00f3n<\/a><\/h3>\n\n<div class=\"wp-block-post-excerpt\"><p class=\"wp-block-post-excerpt__excerpt\">Durante este curso, los tres ecosistemas que participan del programa Patios x clima en Acci\u00f3n (Merc\u00e8 Rodoreda, Les Aig\u00fces,\u00a0Can\u00a0Fabra), han&hellip; <\/p><\/div><\/div>\n\n<\/li><li class=\"wp-block-post post-10618 post type-post status-publish format-standard has-post-thumbnail hentry category-noticias category-patios-x-clima-en-accion infinite-scroll-item generate-columns tablet-grid-50 mobile-grid-100 grid-parent grid-25 no-featured-image-padding\">\n<figure style=\"aspect-ratio:16\/9;\" class=\"wp-block-post-featured-image\"><a href=\"https:\/\/thegreenballoon.org\/patisxclima\/noticias\/ciclo-de-actividades-en-los-patios\/\" target=\"_self\"  ><img loading=\"lazy\" decoding=\"async\" width=\"1500\" height=\"2000\" src=\"https:\/\/thegreenballoon.org\/patisxclima\/wp-content\/uploads\/2024\/06\/IMG_3655.jpg\" class=\"attachment-post-thumbnail size-post-thumbnail wp-post-image\" alt=\"Ciclo de actividades en los patios\" style=\"width:100%;height:100%;object-fit:cover;\" srcset=\"https:\/\/thegreenballoon.org\/patisxclima\/wp-content\/uploads\/2024\/06\/IMG_3655.jpg 1500w, https:\/\/thegreenballoon.org\/patisxclima\/wp-content\/uploads\/2024\/06\/IMG_3655-225x300.jpg 225w, https:\/\/thegreenballoon.org\/patisxclima\/wp-content\/uploads\/2024\/06\/IMG_3655-768x1024.jpg 768w, https:\/\/thegreenballoon.org\/patisxclima\/wp-content\/uploads\/2024\/06\/IMG_3655-1152x1536.jpg 1152w\" sizes=\"auto, (max-width: 1500px) 100vw, 1500px\" \/><\/a><\/figure>\n\n\n<div class=\"wp-block-group is-vertical is-content-justification-stretch is-layout-flex wp-container-core-group-is-layout-b16ad781 wp-block-group-is-layout-flex\"><h3 class=\"wp-block-post-title\"><a href=\"https:\/\/thegreenballoon.org\/patisxclima\/noticias\/ciclo-de-actividades-en-los-patios\/\" target=\"_self\" >Ciclo de actividades en los patios<\/a><\/h3>\n\n<div class=\"wp-block-post-excerpt\"><p class=\"wp-block-post-excerpt__excerpt\">A partir de febrero hasta junio los tres ecosistemas que participan del programa Patios x clima en Acci\u00f3n&#8230; <\/p><\/div><\/div>\n\n<\/li><li class=\"wp-block-post post-10050 post type-post status-publish format-standard has-post-thumbnail hentry category-noticias category-patios-x-clima-en-accion infinite-scroll-item generate-columns tablet-grid-50 mobile-grid-100 grid-parent grid-25 no-featured-image-padding\">\n<figure style=\"aspect-ratio:16\/9;\" class=\"wp-block-post-featured-image\"><a href=\"https:\/\/thegreenballoon.org\/patisxclima\/noticias\/vermut-x-clima-accio-ciutadana-pel-clima-a-la-prosperitat-2\/\" target=\"_self\"  ><img loading=\"lazy\" decoding=\"async\" width=\"1600\" height=\"1200\" src=\"https:\/\/thegreenballoon.org\/patisxclima\/wp-content\/uploads\/2024\/06\/PxCA_Vermut_Merce_Rodoreda_10.jpeg\" class=\"attachment-post-thumbnail size-post-thumbnail wp-post-image\" alt=\"Vermut x Clima. Acci\u00f3n ciudadana por el Clima en La Prosperitat\u00a0\" style=\"width:100%;height:100%;object-fit:cover;\" srcset=\"https:\/\/thegreenballoon.org\/patisxclima\/wp-content\/uploads\/2024\/06\/PxCA_Vermut_Merce_Rodoreda_10.jpeg 1600w, https:\/\/thegreenballoon.org\/patisxclima\/wp-content\/uploads\/2024\/06\/PxCA_Vermut_Merce_Rodoreda_10-300x225.jpeg 300w, https:\/\/thegreenballoon.org\/patisxclima\/wp-content\/uploads\/2024\/06\/PxCA_Vermut_Merce_Rodoreda_10-1024x768.jpeg 1024w, https:\/\/thegreenballoon.org\/patisxclima\/wp-content\/uploads\/2024\/06\/PxCA_Vermut_Merce_Rodoreda_10-768x576.jpeg 768w, https:\/\/thegreenballoon.org\/patisxclima\/wp-content\/uploads\/2024\/06\/PxCA_Vermut_Merce_Rodoreda_10-1536x1152.jpeg 1536w\" sizes=\"auto, (max-width: 1600px) 100vw, 1600px\" \/><\/a><\/figure>\n\n\n<div class=\"wp-block-group is-vertical is-content-justification-stretch is-layout-flex wp-container-core-group-is-layout-b16ad781 wp-block-group-is-layout-flex\"><h3 class=\"wp-block-post-title\"><a href=\"https:\/\/thegreenballoon.org\/patisxclima\/noticias\/vermut-x-clima-accio-ciutadana-pel-clima-a-la-prosperitat-2\/\" target=\"_self\" >Vermut x Clima. Acci\u00f3n ciudadana por el Clima en La Prosperitat\u00a0<\/a><\/h3>\n\n<div class=\"wp-block-post-excerpt\"><p class=\"wp-block-post-excerpt__excerpt\">El d\u00eda 25 de mayo se ha realizado una acci\u00f3n l\u00fadica\/formativa de acci\u00f3n comunitaria dentro del programa Patis x clima&hellip; <\/p><\/div><\/div>\n\n<\/li><li class=\"wp-block-post post-10639 post type-post status-publish format-standard has-post-thumbnail hentry category-noticias category-patios-x-clima-en-accion infinite-scroll-item generate-columns tablet-grid-50 mobile-grid-100 grid-parent grid-25 no-featured-image-padding\">\n<figure style=\"aspect-ratio:16\/9;\" class=\"wp-block-post-featured-image\"><a href=\"https:\/\/thegreenballoon.org\/patisxclima\/patios-x-clima-en-accion\/presentacion-del-proyecto-en-el-cnea\/\" target=\"_self\"  ><img loading=\"lazy\" decoding=\"async\" width=\"2000\" height=\"1124\" src=\"https:\/\/thegreenballoon.org\/patisxclima\/wp-content\/uploads\/2024\/06\/patis-x-clima-CNEA-1.jpg\" class=\"attachment-post-thumbnail size-post-thumbnail wp-post-image\" alt=\"Presentaci\u00f3n del proyecto en el CNEA\" style=\"width:100%;height:100%;object-fit:cover;\" srcset=\"https:\/\/thegreenballoon.org\/patisxclima\/wp-content\/uploads\/2024\/06\/patis-x-clima-CNEA-1.jpg 2000w, https:\/\/thegreenballoon.org\/patisxclima\/wp-content\/uploads\/2024\/06\/patis-x-clima-CNEA-1-300x169.jpg 300w, https:\/\/thegreenballoon.org\/patisxclima\/wp-content\/uploads\/2024\/06\/patis-x-clima-CNEA-1-1024x575.jpg 1024w, https:\/\/thegreenballoon.org\/patisxclima\/wp-content\/uploads\/2024\/06\/patis-x-clima-CNEA-1-768x432.jpg 768w, https:\/\/thegreenballoon.org\/patisxclima\/wp-content\/uploads\/2024\/06\/patis-x-clima-CNEA-1-1536x863.jpg 1536w\" sizes=\"auto, (max-width: 2000px) 100vw, 2000px\" \/><\/a><\/figure>\n\n\n<div class=\"wp-block-group is-vertical is-content-justification-stretch is-layout-flex wp-container-core-group-is-layout-b16ad781 wp-block-group-is-layout-flex\"><h3 class=\"wp-block-post-title\"><a href=\"https:\/\/thegreenballoon.org\/patisxclima\/patios-x-clima-en-accion\/presentacion-del-proyecto-en-el-cnea\/\" target=\"_self\" >Presentaci\u00f3n del proyecto en el CNEA<\/a><\/h3>\n\n<div class=\"wp-block-post-excerpt\"><p class=\"wp-block-post-excerpt__excerpt\">El viernes 26 de enero de 2024 presentamos el proyecto Patios x clima en Acci\u00f3n con ocasi\u00f3n del III Congreso&hellip; <\/p><\/div><\/div>\n\n<\/li><\/ul>\n\n\n<div style=\"height:var(--wp--preset--spacing--80)\" aria-hidden=\"true\" class=\"wp-block-spacer\"><\/div>\n\n\n<nav class=\"wp-block-query-pagination is-content-justification-space-between is-layout-flex wp-container-core-query-pagination-is-layout-3d213aab wp-block-query-pagination-is-layout-flex\" aria-label=\"Paginaci\u00f3\">\n\n\n<div class=\"wp-block-query-pagination-numbers\"><span aria-current=\"page\" class=\"page-numbers current\">1<\/span>\n<a class=\"page-numbers\" href=\"?query-2-page=2\">2<\/a><\/div>\n\n<a href=\"\/patisxclima\/wp-json\/wp\/v2\/pages\/9041?query-2-page=2\" class=\"wp-block-query-pagination-next\">P\u00e0gina seg\u00fcent<\/a>\n<\/nav>\n\n<\/div>\n\n\n\n<div class=\"wp-block-query noticies noticias news is-layout-flow wp-block-query-is-layout-flow\"><\/div>\n\n\n\n<div class=\"wp-block-group is-vertical is-content-justification-stretch is-layout-flex wp-container-core-group-is-layout-b16ad781 wp-block-group-is-layout-flex\"><h3 class=\"wp-block-post-title\"><a href=\"https:\/\/thegreenballoon.org\/patisxclima\/patios-x-clima-en-accio\/\" target=\"_self\" >patios x clima en acci\u00f3n<\/a><\/h3>\n\n<div class=\"wp-block-post-excerpt\"><p class=\"wp-block-post-excerpt__excerpt\">\u00a0 <\/p><\/div><\/div>\n\n\n<p><!-- \/wp:post-content --><\/p>\n<p><!-- \/wp:group --><\/p>\n<p><!-- \/wp:column --><\/p>\n<p><!-- \/wp:columns --><\/p>\n<p><!-- \/wp:column --><\/p>\n<p><!-- \/wp:columns --><\/p>\n<p><!-- \/wp:column --><\/p>\n<p><!-- \/wp:columns --><\/p>\n<p><!-- wp:spacer {\"height\":\"var:preset|spacing|80\"} --><\/p>\n<div class=\"wp-block-spacer\" style=\"height: var(--wp--preset--spacing--80);\" aria-hidden=\"true\">\u00a0<\/div>\n<p><!-- \/wp:spacer --><\/p>\n<p><!-- wp:query-pagination {\"layout\":{\"type\":\"flex\",\"justifyContent\":\"space-between\"}} --><br \/><!-- wp:query-pagination-previous \/--><\/p>\n<p><!-- wp:query-pagination-numbers \/--><\/p>\n<p><!-- wp:query-pagination-next \/--><br \/><!-- \/wp:query-pagination --><\/p>\n<p><!-- wp:query-no-results --><br \/><!-- wp:paragraph {\"placeholder\":\"Add text or blocks that will display when a query returns no results.\"} --><\/p>\n<p><!-- \/wp:paragraph --><br \/><!-- \/wp:query-no-results --><\/p>\n<p><!-- \/wp:query --><\/p>","protected":false},"excerpt":{"rendered":"<p>\u00a0<\/p>\n","protected":false},"author":3,"featured_media":0,"parent":0,"menu_order":0,"comment_status":"closed","ping_status":"closed","template":"","meta":{"footnotes":""},"class_list":{"0":"post-9041","1":"page","2":"type-page","3":"status-publish","5":"infinite-scroll-item","6":"no-featured-image-padding"},"_links":{"self":[{"href":"https:\/\/thegreenballoon.org\/patisxclima\/wp-json\/wp\/v2\/pages\/9041","targetHints":{"allow":["GET"]}}],"collection":[{"href":"https:\/\/thegreenballoon.org\/patisxclima\/wp-json\/wp\/v2\/pages"}],"about":[{"href":"https:\/\/thegreenballoon.org\/patisxclima\/wp-json\/wp\/v2\/types\/page"}],"author":[{"embeddable":true,"href":"https:\/\/thegreenballoon.org\/patisxclima\/wp-json\/wp\/v2\/users\/3"}],"replies":[{"embeddable":true,"href":"https:\/\/thegreenballoon.org\/patisxclima\/wp-json\/wp\/v2\/comments?post=9041"}],"version-history":[{"count":22,"href":"https:\/\/thegreenballoon.org\/patisxclima\/wp-json\/wp\/v2\/pages\/9041\/revisions"}],"predecessor-version":[{"id":13388,"href":"https:\/\/thegreenballoon.org\/patisxclima\/wp-json\/wp\/v2\/pages\/9041\/revisions\/13388"}],"wp:attachment":[{"href":"https:\/\/thegreenballoon.org\/patisxclima\/wp-json\/wp\/v2\/media?parent=9041"}],"curies":[{"name":"wp","href":"https:\/\/api.w.org\/{rel}","templated":true}]}}