{"id":9037,"date":"2024-01-29T14:49:38","date_gmt":"2024-01-29T12:49:38","guid":{"rendered":"https:\/\/thegreenballoon.org\/patisxclima\/?page_id=9037"},"modified":"2024-11-05T18:53:09","modified_gmt":"2024-11-05T16:53:09","slug":"patis-x-clima-en-accio","status":"publish","type":"page","link":"https:\/\/thegreenballoon.org\/patisxclima\/patis-x-clima-en-accio\/","title":{"rendered":"patis x clima en acci\u00f3"},"content":{"rendered":"\n<div class=\"wp-block-query noticies noticias news is-layout-flow wp-block-query-is-layout-flow\"><ul class=\"columns-2 wp-block-post-template is-layout-grid wp-container-core-post-template-is-layout-17361a50 wp-block-post-template-is-layout-grid\"><li class=\"wp-block-post post-11996 post type-post status-publish format-standard has-post-thumbnail hentry category-noticies category-patis-x-clima-en-accio infinite-scroll-item generate-columns tablet-grid-50 mobile-grid-100 grid-parent grid-25 no-featured-image-padding\">\n<figure style=\"aspect-ratio:16\/9;\" class=\"wp-block-post-featured-image\"><a href=\"https:\/\/thegreenballoon.org\/patisxclima\/patis-x-clima-en-accio\/un-pati-viu-el-nostre-actiu\/\" target=\"_self\"  ><img loading=\"lazy\" decoding=\"async\" width=\"1247\" height=\"701\" src=\"https:\/\/thegreenballoon.org\/patisxclima\/wp-content\/uploads\/2025\/02\/250226_pxcA-film.jpg\" class=\"attachment-post-thumbnail size-post-thumbnail wp-post-image\" alt=\"un pati viu, el nostre Actiu !!\" style=\"width:100%;height:100%;object-fit:cover;\" srcset=\"https:\/\/thegreenballoon.org\/patisxclima\/wp-content\/uploads\/2025\/02\/250226_pxcA-film.jpg 1247w, https:\/\/thegreenballoon.org\/patisxclima\/wp-content\/uploads\/2025\/02\/250226_pxcA-film-300x169.jpg 300w, https:\/\/thegreenballoon.org\/patisxclima\/wp-content\/uploads\/2025\/02\/250226_pxcA-film-1024x576.jpg 1024w, https:\/\/thegreenballoon.org\/patisxclima\/wp-content\/uploads\/2025\/02\/250226_pxcA-film-768x432.jpg 768w\" sizes=\"auto, (max-width: 1247px) 100vw, 1247px\" \/><\/a><\/figure>\n\n\n<div class=\"wp-block-group is-vertical is-content-justification-stretch is-layout-flex wp-container-core-group-is-layout-b16ad781 wp-block-group-is-layout-flex\"><h3 class=\"wp-block-post-title\"><a href=\"https:\/\/thegreenballoon.org\/patisxclima\/patis-x-clima-en-accio\/un-pati-viu-el-nostre-actiu\/\" target=\"_self\" >un pati viu, el nostre Actiu !!<\/a><\/h3>\n\n<div class=\"wp-block-post-excerpt\"><p class=\"wp-block-post-excerpt__excerpt\">Patis x clima en Acci\u00f3 \u00e9s un programa recolzat per l&#8217;Oficina de canvi clim\u00e0tic i sostenibilitat de l\u2019Ajuntament de Barcelona.&hellip; <\/p><\/div><\/div>\n\n<\/li><li class=\"wp-block-post post-11415 post type-post status-publish format-standard has-post-thumbnail hentry category-noticies category-patis-x-clima-en-accio infinite-scroll-item generate-columns tablet-grid-50 mobile-grid-100 grid-parent grid-25 no-featured-image-padding\">\n<figure style=\"aspect-ratio:16\/9;\" class=\"wp-block-post-featured-image\"><a href=\"https:\/\/thegreenballoon.org\/patisxclima\/patis-x-clima-en-accio\/tallers-de-manteniment-del-verd-per-la-teva-escola\/\" target=\"_self\"  ><img loading=\"lazy\" decoding=\"async\" width=\"1134\" height=\"850\" src=\"https:\/\/thegreenballoon.org\/patisxclima\/wp-content\/uploads\/2024\/09\/IMG_5747.jpeg\" class=\"attachment-post-thumbnail size-post-thumbnail wp-post-image\" alt=\"tallers de manteniment del verd per la teva escola\" style=\"width:100%;height:100%;object-fit:cover;\" srcset=\"https:\/\/thegreenballoon.org\/patisxclima\/wp-content\/uploads\/2024\/09\/IMG_5747.jpeg 1134w, https:\/\/thegreenballoon.org\/patisxclima\/wp-content\/uploads\/2024\/09\/IMG_5747-300x225.jpeg 300w, https:\/\/thegreenballoon.org\/patisxclima\/wp-content\/uploads\/2024\/09\/IMG_5747-1024x768.jpeg 1024w, https:\/\/thegreenballoon.org\/patisxclima\/wp-content\/uploads\/2024\/09\/IMG_5747-768x576.jpeg 768w\" sizes=\"auto, (max-width: 1134px) 100vw, 1134px\" \/><\/a><\/figure>\n\n\n<div class=\"wp-block-group is-vertical is-content-justification-stretch is-layout-flex wp-container-core-group-is-layout-b16ad781 wp-block-group-is-layout-flex\"><h3 class=\"wp-block-post-title\"><a href=\"https:\/\/thegreenballoon.org\/patisxclima\/patis-x-clima-en-accio\/tallers-de-manteniment-del-verd-per-la-teva-escola\/\" target=\"_self\" >tallers de manteniment del verd per la teva escola<\/a><\/h3>\n\n<div class=\"wp-block-post-excerpt\"><p class=\"wp-block-post-excerpt__excerpt\">El teu pati \u00e9s un pati obert el cap de setmana, teniu hort, vegetaci\u00f3 o hi ha estructures de fusta?&hellip; <\/p><\/div><\/div>\n\n<\/li><li class=\"wp-block-post post-11730 post type-post status-publish format-standard has-post-thumbnail hentry category-exposicions category-noticies category-patis-x-clima-en-accio tag-barcelona-ca infinite-scroll-item generate-columns tablet-grid-50 mobile-grid-100 grid-parent grid-25 no-featured-image-padding\">\n<figure style=\"aspect-ratio:16\/9;\" class=\"wp-block-post-featured-image\"><a href=\"https:\/\/thegreenballoon.org\/patisxclima\/exposicions\/educacio-accio-comunitaria-i-corresponsabilitat\/\" target=\"_self\"  ><img loading=\"lazy\" decoding=\"async\" width=\"1000\" height=\"400\" src=\"https:\/\/thegreenballoon.org\/patisxclima\/wp-content\/uploads\/2024\/11\/241016_portada-expo-pxcA.jpg\" class=\"attachment-post-thumbnail size-post-thumbnail wp-post-image\" alt=\"Educaci\u00f3, Acci\u00f3 Comunit\u00e0ria i Corresponsabilitat\" style=\"width:100%;height:100%;object-fit:cover;\" srcset=\"https:\/\/thegreenballoon.org\/patisxclima\/wp-content\/uploads\/2024\/11\/241016_portada-expo-pxcA.jpg 1000w, https:\/\/thegreenballoon.org\/patisxclima\/wp-content\/uploads\/2024\/11\/241016_portada-expo-pxcA-300x120.jpg 300w, https:\/\/thegreenballoon.org\/patisxclima\/wp-content\/uploads\/2024\/11\/241016_portada-expo-pxcA-768x307.jpg 768w\" sizes=\"auto, (max-width: 1000px) 100vw, 1000px\" \/><\/a><\/figure>\n\n\n<div class=\"wp-block-group is-vertical is-content-justification-stretch is-layout-flex wp-container-core-group-is-layout-b16ad781 wp-block-group-is-layout-flex\"><h3 class=\"wp-block-post-title\"><a href=\"https:\/\/thegreenballoon.org\/patisxclima\/exposicions\/educacio-accio-comunitaria-i-corresponsabilitat\/\" target=\"_self\" >Educaci\u00f3, Acci\u00f3 Comunit\u00e0ria i Corresponsabilitat<\/a><\/h3>\n\n<div class=\"wp-block-post-excerpt\"><p class=\"wp-block-post-excerpt__excerpt\">L&#8217;exposici\u00f3 El Pati com a Eina de Resili\u00e8ncia Urbana. Una exposici\u00f3 que explica els objectius i les accions duts a&hellip; <\/p><\/div><\/div>\n\n<\/li><li class=\"wp-block-post post-11639 post type-post status-publish format-standard has-post-thumbnail hentry category-noticies category-patis-x-clima-en-accio infinite-scroll-item generate-columns tablet-grid-50 mobile-grid-100 grid-parent grid-25 no-featured-image-padding\">\n<figure style=\"aspect-ratio:16\/9;\" class=\"wp-block-post-featured-image\"><a href=\"https:\/\/thegreenballoon.org\/patisxclima\/patis-x-clima-en-accio\/els-ecosistemes-de-patis-x-clima-en-accio-participen-en-una-dinamica-de-participacio-comunitaria\/\" target=\"_self\"  ><img loading=\"lazy\" decoding=\"async\" width=\"1600\" height=\"1200\" src=\"https:\/\/thegreenballoon.org\/patisxclima\/wp-content\/uploads\/2024\/10\/241016_VIII_Jornades_TardaDivulgativa_19.jpeg\" class=\"attachment-post-thumbnail size-post-thumbnail wp-post-image\" alt=\"PxC en Acci\u00f3 indaga en teoria de sistemes\" style=\"width:100%;height:100%;object-fit:cover;\" srcset=\"https:\/\/thegreenballoon.org\/patisxclima\/wp-content\/uploads\/2024\/10\/241016_VIII_Jornades_TardaDivulgativa_19.jpeg 1600w, https:\/\/thegreenballoon.org\/patisxclima\/wp-content\/uploads\/2024\/10\/241016_VIII_Jornades_TardaDivulgativa_19-300x225.jpeg 300w, https:\/\/thegreenballoon.org\/patisxclima\/wp-content\/uploads\/2024\/10\/241016_VIII_Jornades_TardaDivulgativa_19-1024x768.jpeg 1024w, https:\/\/thegreenballoon.org\/patisxclima\/wp-content\/uploads\/2024\/10\/241016_VIII_Jornades_TardaDivulgativa_19-768x576.jpeg 768w, https:\/\/thegreenballoon.org\/patisxclima\/wp-content\/uploads\/2024\/10\/241016_VIII_Jornades_TardaDivulgativa_19-1536x1152.jpeg 1536w\" sizes=\"auto, (max-width: 1600px) 100vw, 1600px\" \/><\/a><\/figure>\n\n\n<div class=\"wp-block-group is-vertical is-content-justification-stretch is-layout-flex wp-container-core-group-is-layout-b16ad781 wp-block-group-is-layout-flex\"><h3 class=\"wp-block-post-title\"><a href=\"https:\/\/thegreenballoon.org\/patisxclima\/patis-x-clima-en-accio\/els-ecosistemes-de-patis-x-clima-en-accio-participen-en-una-dinamica-de-participacio-comunitaria\/\" target=\"_self\" >PxC en Acci\u00f3 indaga en teoria de sistemes<\/a><\/h3>\n\n<div class=\"wp-block-post-excerpt\"><p class=\"wp-block-post-excerpt__excerpt\">El 16 d&#8217;octubre 2024, durant les VIII Jornades de renaturalitzaci\u00f3 d&#8217;espais i entorns educatius, els tres ecosistemes&#8230; <\/p><\/div><\/div>\n\n<\/li><li class=\"wp-block-post post-11294 post type-post status-publish format-standard has-post-thumbnail hentry category-noticies category-patis-x-clima-en-accio infinite-scroll-item generate-columns tablet-grid-50 mobile-grid-100 grid-parent grid-25 no-featured-image-padding\">\n<figure style=\"aspect-ratio:16\/9;\" class=\"wp-block-post-featured-image\"><a href=\"https:\/\/thegreenballoon.org\/patisxclima\/noticies\/a-lestiu-seguim-amb-les-activitats-de-patis-x-clima-en-accio\/\" target=\"_self\"  ><img loading=\"lazy\" decoding=\"async\" width=\"2000\" height=\"1500\" src=\"https:\/\/thegreenballoon.org\/patisxclima\/wp-content\/uploads\/2024\/07\/Taller_Compostatge_Les_Aigues_2.jpeg\" class=\"attachment-post-thumbnail size-post-thumbnail wp-post-image\" alt=\"A l&#8217;estiu seguim amb les activitats de patis x clima en Acci\u00f3\" style=\"width:100%;height:100%;object-fit:cover;\" srcset=\"https:\/\/thegreenballoon.org\/patisxclima\/wp-content\/uploads\/2024\/07\/Taller_Compostatge_Les_Aigues_2.jpeg 2000w, https:\/\/thegreenballoon.org\/patisxclima\/wp-content\/uploads\/2024\/07\/Taller_Compostatge_Les_Aigues_2-300x225.jpeg 300w, https:\/\/thegreenballoon.org\/patisxclima\/wp-content\/uploads\/2024\/07\/Taller_Compostatge_Les_Aigues_2-1024x768.jpeg 1024w, https:\/\/thegreenballoon.org\/patisxclima\/wp-content\/uploads\/2024\/07\/Taller_Compostatge_Les_Aigues_2-768x576.jpeg 768w, https:\/\/thegreenballoon.org\/patisxclima\/wp-content\/uploads\/2024\/07\/Taller_Compostatge_Les_Aigues_2-1536x1152.jpeg 1536w\" sizes=\"auto, (max-width: 2000px) 100vw, 2000px\" \/><\/a><\/figure>\n\n\n<div class=\"wp-block-group is-vertical is-content-justification-stretch is-layout-flex wp-container-core-group-is-layout-b16ad781 wp-block-group-is-layout-flex\"><h3 class=\"wp-block-post-title\"><a href=\"https:\/\/thegreenballoon.org\/patisxclima\/noticies\/a-lestiu-seguim-amb-les-activitats-de-patis-x-clima-en-accio\/\" target=\"_self\" >A l&#8217;estiu seguim amb les activitats de patis x clima en Acci\u00f3<\/a><\/h3>\n\n<div class=\"wp-block-post-excerpt\"><p class=\"wp-block-post-excerpt__excerpt\">Durant aquest curs, els tres ecosistemes que participen del programa Patis x clima en Acci\u00f3 (Merc\u00e8 Rodoreda, Les Aig\u00fces, Can&hellip; <\/p><\/div><\/div>\n\n<\/li><li class=\"wp-block-post post-10567 post type-post status-publish format-standard has-post-thumbnail hentry category-noticies category-patis-x-clima-en-accio infinite-scroll-item generate-columns tablet-grid-50 mobile-grid-100 grid-parent grid-25 no-featured-image-padding\">\n<figure style=\"aspect-ratio:16\/9;\" class=\"wp-block-post-featured-image\"><a href=\"https:\/\/thegreenballoon.org\/patisxclima\/patis-x-clima-en-accio\/cicle-dactivitats-als-patis\/\" target=\"_self\"  ><img loading=\"lazy\" decoding=\"async\" width=\"1500\" height=\"2000\" src=\"https:\/\/thegreenballoon.org\/patisxclima\/wp-content\/uploads\/2024\/06\/IMG_3655.jpg\" class=\"attachment-post-thumbnail size-post-thumbnail wp-post-image\" alt=\"Cicle d&#8217;activitats als patis\" style=\"width:100%;height:100%;object-fit:cover;\" srcset=\"https:\/\/thegreenballoon.org\/patisxclima\/wp-content\/uploads\/2024\/06\/IMG_3655.jpg 1500w, https:\/\/thegreenballoon.org\/patisxclima\/wp-content\/uploads\/2024\/06\/IMG_3655-225x300.jpg 225w, https:\/\/thegreenballoon.org\/patisxclima\/wp-content\/uploads\/2024\/06\/IMG_3655-768x1024.jpg 768w, https:\/\/thegreenballoon.org\/patisxclima\/wp-content\/uploads\/2024\/06\/IMG_3655-1152x1536.jpg 1152w\" sizes=\"auto, (max-width: 1500px) 100vw, 1500px\" \/><\/a><\/figure>\n\n\n<div class=\"wp-block-group is-vertical is-content-justification-stretch is-layout-flex wp-container-core-group-is-layout-b16ad781 wp-block-group-is-layout-flex\"><h3 class=\"wp-block-post-title\"><a href=\"https:\/\/thegreenballoon.org\/patisxclima\/patis-x-clima-en-accio\/cicle-dactivitats-als-patis\/\" target=\"_self\" >Cicle d&#8217;activitats als patis<\/a><\/h3>\n\n<div class=\"wp-block-post-excerpt\"><p class=\"wp-block-post-excerpt__excerpt\">A partir del febrer fins al juny els tres ecosistemes que participen del programa Patis x clima en Acci\u00f3&#8230; <\/p><\/div><\/div>\n\n<\/li><li class=\"wp-block-post post-10043 post type-post status-publish format-standard has-post-thumbnail hentry category-noticies category-patis-x-clima-en-accio infinite-scroll-item generate-columns tablet-grid-50 mobile-grid-100 grid-parent grid-25 no-featured-image-padding\">\n<figure style=\"aspect-ratio:16\/9;\" class=\"wp-block-post-featured-image\"><a href=\"https:\/\/thegreenballoon.org\/patisxclima\/noticies\/vermut-x-clima-accio-ciutadana-pel-clima-a-la-prosperitat\/\" target=\"_self\"  ><img loading=\"lazy\" decoding=\"async\" width=\"1600\" height=\"1200\" src=\"https:\/\/thegreenballoon.org\/patisxclima\/wp-content\/uploads\/2024\/06\/PxCA_Vermut_Merce_Rodoreda_10.jpeg\" class=\"attachment-post-thumbnail size-post-thumbnail wp-post-image\" alt=\"Vermut x Clima. Acci\u00f3 ciutadana pel Clima a La Prosperitat\u00a0\" style=\"width:100%;height:100%;object-fit:cover;\" srcset=\"https:\/\/thegreenballoon.org\/patisxclima\/wp-content\/uploads\/2024\/06\/PxCA_Vermut_Merce_Rodoreda_10.jpeg 1600w, https:\/\/thegreenballoon.org\/patisxclima\/wp-content\/uploads\/2024\/06\/PxCA_Vermut_Merce_Rodoreda_10-300x225.jpeg 300w, https:\/\/thegreenballoon.org\/patisxclima\/wp-content\/uploads\/2024\/06\/PxCA_Vermut_Merce_Rodoreda_10-1024x768.jpeg 1024w, https:\/\/thegreenballoon.org\/patisxclima\/wp-content\/uploads\/2024\/06\/PxCA_Vermut_Merce_Rodoreda_10-768x576.jpeg 768w, https:\/\/thegreenballoon.org\/patisxclima\/wp-content\/uploads\/2024\/06\/PxCA_Vermut_Merce_Rodoreda_10-1536x1152.jpeg 1536w\" sizes=\"auto, (max-width: 1600px) 100vw, 1600px\" \/><\/a><\/figure>\n\n\n<div class=\"wp-block-group is-vertical is-content-justification-stretch is-layout-flex wp-container-core-group-is-layout-b16ad781 wp-block-group-is-layout-flex\"><h3 class=\"wp-block-post-title\"><a href=\"https:\/\/thegreenballoon.org\/patisxclima\/noticies\/vermut-x-clima-accio-ciutadana-pel-clima-a-la-prosperitat\/\" target=\"_self\" >Vermut x Clima. Acci\u00f3 ciutadana pel Clima a La Prosperitat\u00a0<\/a><\/h3>\n\n<div class=\"wp-block-post-excerpt\"><p class=\"wp-block-post-excerpt__excerpt\">El dia 25 de maig s&#8217;ha realitzat una acci\u00f3 l\u00fadica\/formativa d&#8217;acci\u00f3 comunit\u00e0ria a dins del projecte Patis x clima en&hellip; <\/p><\/div><\/div>\n\n<\/li><li class=\"wp-block-post post-10624 post type-post status-publish format-standard has-post-thumbnail hentry category-noticies category-patis-x-clima-en-accio infinite-scroll-item generate-columns tablet-grid-50 mobile-grid-100 grid-parent grid-25 no-featured-image-padding\">\n<figure style=\"aspect-ratio:16\/9;\" class=\"wp-block-post-featured-image\"><a href=\"https:\/\/thegreenballoon.org\/patisxclima\/patis-x-clima-en-accio\/presentacio-del-projecte-al-cnea\/\" target=\"_self\"  ><img loading=\"lazy\" decoding=\"async\" width=\"2000\" height=\"1124\" src=\"https:\/\/thegreenballoon.org\/patisxclima\/wp-content\/uploads\/2024\/06\/patis-x-clima-CNEA-1.jpg\" class=\"attachment-post-thumbnail size-post-thumbnail wp-post-image\" alt=\"Presentaci\u00f3 del projecte al CNEA\" style=\"width:100%;height:100%;object-fit:cover;\" srcset=\"https:\/\/thegreenballoon.org\/patisxclima\/wp-content\/uploads\/2024\/06\/patis-x-clima-CNEA-1.jpg 2000w, https:\/\/thegreenballoon.org\/patisxclima\/wp-content\/uploads\/2024\/06\/patis-x-clima-CNEA-1-300x169.jpg 300w, https:\/\/thegreenballoon.org\/patisxclima\/wp-content\/uploads\/2024\/06\/patis-x-clima-CNEA-1-1024x575.jpg 1024w, https:\/\/thegreenballoon.org\/patisxclima\/wp-content\/uploads\/2024\/06\/patis-x-clima-CNEA-1-768x432.jpg 768w, https:\/\/thegreenballoon.org\/patisxclima\/wp-content\/uploads\/2024\/06\/patis-x-clima-CNEA-1-1536x863.jpg 1536w\" sizes=\"auto, (max-width: 2000px) 100vw, 2000px\" \/><\/a><\/figure>\n\n\n<div class=\"wp-block-group is-vertical is-content-justification-stretch is-layout-flex wp-container-core-group-is-layout-b16ad781 wp-block-group-is-layout-flex\"><h3 class=\"wp-block-post-title\"><a href=\"https:\/\/thegreenballoon.org\/patisxclima\/patis-x-clima-en-accio\/presentacio-del-projecte-al-cnea\/\" target=\"_self\" >Presentaci\u00f3 del projecte al CNEA<\/a><\/h3>\n\n<div class=\"wp-block-post-excerpt\"><p class=\"wp-block-post-excerpt__excerpt\">El divendres 26 de gener de 2024 vam presentar el projecte Patis x clima en Acci\u00f3 en ocasi\u00f3 del III&hellip; <\/p><\/div><\/div>\n\n<\/li><\/ul>\n\n\n<div style=\"height:var(--wp--preset--spacing--80)\" aria-hidden=\"true\" class=\"wp-block-spacer\"><\/div>\n\n\n<nav class=\"wp-block-query-pagination is-content-justification-space-between is-layout-flex wp-container-core-query-pagination-is-layout-3d213aab wp-block-query-pagination-is-layout-flex\" aria-label=\"Paginaci\u00f3\">\n\n\n<div class=\"wp-block-query-pagination-numbers\"><span aria-current=\"page\" class=\"page-numbers current\">1<\/span>\n<a class=\"page-numbers\" href=\"?query-2-page=2\">2<\/a><\/div>\n\n<a href=\"\/patisxclima\/wp-json\/wp\/v2\/pages\/9037?query-2-page=2\" class=\"wp-block-query-pagination-next\">P\u00e0gina seg\u00fcent<\/a>\n<\/nav>\n\n<\/div>\n","protected":false},"excerpt":{"rendered":"","protected":false},"author":3,"featured_media":0,"parent":0,"menu_order":0,"comment_status":"closed","ping_status":"closed","template":"","meta":{"footnotes":""},"class_list":{"0":"post-9037","1":"page","2":"type-page","3":"status-publish","5":"infinite-scroll-item","6":"no-featured-image-padding"},"_links":{"self":[{"href":"https:\/\/thegreenballoon.org\/patisxclima\/wp-json\/wp\/v2\/pages\/9037","targetHints":{"allow":["GET"]}}],"collection":[{"href":"https:\/\/thegreenballoon.org\/patisxclima\/wp-json\/wp\/v2\/pages"}],"about":[{"href":"https:\/\/thegreenballoon.org\/patisxclima\/wp-json\/wp\/v2\/types\/page"}],"author":[{"embeddable":true,"href":"https:\/\/thegreenballoon.org\/patisxclima\/wp-json\/wp\/v2\/users\/3"}],"replies":[{"embeddable":true,"href":"https:\/\/thegreenballoon.org\/patisxclima\/wp-json\/wp\/v2\/comments?post=9037"}],"version-history":[{"count":3,"href":"https:\/\/thegreenballoon.org\/patisxclima\/wp-json\/wp\/v2\/pages\/9037\/revisions"}],"predecessor-version":[{"id":12051,"href":"https:\/\/thegreenballoon.org\/patisxclima\/wp-json\/wp\/v2\/pages\/9037\/revisions\/12051"}],"wp:attachment":[{"href":"https:\/\/thegreenballoon.org\/patisxclima\/wp-json\/wp\/v2\/media?parent=9037"}],"curies":[{"name":"wp","href":"https:\/\/api.w.org\/{rel}","templated":true}]}}