{"id":8236,"date":"2024-01-10T23:52:00","date_gmt":"2024-01-10T21:52:00","guid":{"rendered":"https:\/\/thegreenballoon.org\/patisxclima\/?page_id=8236"},"modified":"2024-05-16T11:04:29","modified_gmt":"2024-05-16T09:04:29","slug":"noticies","status":"publish","type":"page","link":"https:\/\/thegreenballoon.org\/patisxclima\/noticies\/","title":{"rendered":"not\u00edcies"},"content":{"rendered":"\n<div data-wp-context=\"{}\" data-wp-interactive=\"core\/query\" data-wp-key=\"2\" data-wp-router-region=\"query-2\" class=\"wp-block-query noticies noticias news is-layout-flow wp-block-query-is-layout-flow\"><ul class=\"columns-2 wp-block-post-template is-layout-grid wp-container-core-post-template-is-layout-17361a50 wp-block-post-template-is-layout-grid\"><li data-wp-key=\"post-template-item-13399\" class=\"wp-block-post post-13399 post type-post status-publish format-standard has-post-thumbnail hentry category-noticies infinite-scroll-item generate-columns tablet-grid-50 mobile-grid-100 grid-parent grid-25 no-featured-image-padding\">\n<figure style=\"aspect-ratio:16\/9;\" class=\"wp-block-post-featured-image\"><a href=\"https:\/\/thegreenballoon.org\/patisxclima\/noticies\/x-jornades-de-renaturalitzacio-despais-i-entorns-educatius\/\" target=\"_self\"  ><img loading=\"lazy\" decoding=\"async\" width=\"2560\" height=\"1920\" src=\"https:\/\/thegreenballoon.org\/patisxclima\/wp-content\/uploads\/2026\/03\/251008_jornades-pxc-2025-9-scaled.webp\" class=\"attachment-post-thumbnail size-post-thumbnail wp-post-image\" alt=\"X Jornades de Renaturalitzaci\u00f3 d\u2019Espais i Entorns Educatius\" style=\"width:100%;height:100%;object-fit:cover;\" srcset=\"https:\/\/thegreenballoon.org\/patisxclima\/wp-content\/uploads\/2026\/03\/251008_jornades-pxc-2025-9-scaled.webp 2560w, https:\/\/thegreenballoon.org\/patisxclima\/wp-content\/uploads\/2026\/03\/251008_jornades-pxc-2025-9-300x225.webp 300w, https:\/\/thegreenballoon.org\/patisxclima\/wp-content\/uploads\/2026\/03\/251008_jornades-pxc-2025-9-1024x768.webp 1024w, https:\/\/thegreenballoon.org\/patisxclima\/wp-content\/uploads\/2026\/03\/251008_jornades-pxc-2025-9-768x576.webp 768w, https:\/\/thegreenballoon.org\/patisxclima\/wp-content\/uploads\/2026\/03\/251008_jornades-pxc-2025-9-1536x1152.webp 1536w, https:\/\/thegreenballoon.org\/patisxclima\/wp-content\/uploads\/2026\/03\/251008_jornades-pxc-2025-9-2048x1536.webp 2048w\" sizes=\"auto, (max-width: 2560px) 100vw, 2560px\" \/><\/a><\/figure>\n\n\n<div class=\"wp-block-group is-vertical is-content-justification-stretch is-layout-flex wp-container-core-group-is-layout-b16ad781 wp-block-group-is-layout-flex\"><h3 class=\"wp-block-post-title\"><a href=\"https:\/\/thegreenballoon.org\/patisxclima\/noticies\/x-jornades-de-renaturalitzacio-despais-i-entorns-educatius\/\" target=\"_self\" >X Jornades de Renaturalitzaci\u00f3 d\u2019Espais i Entorns Educatius<\/a><\/h3>\n\n<div class=\"wp-block-post-excerpt\"><p class=\"wp-block-post-excerpt__excerpt\">Les X Jornades de Renaturalitzaci\u00f3 d\u2019Espais i Entorns Educatius celebren una d\u00e8cada de traject\u00f2ria i impulsen nous reptes de futurBarcelona&hellip; <\/p><\/div><\/div>\n\n<\/li><li data-wp-key=\"post-template-item-13024\" class=\"wp-block-post post-13024 post type-post status-publish format-standard has-post-thumbnail hentry category-noticies category-patis-x-clima-xarxa infinite-scroll-item generate-columns tablet-grid-50 mobile-grid-100 grid-parent grid-25 no-featured-image-padding\">\n<figure style=\"aspect-ratio:16\/9;\" class=\"wp-block-post-featured-image\"><a href=\"https:\/\/thegreenballoon.org\/patisxclima\/patis-x-clima-xarxa\/que-es-la-xarxa-estatal\/\" target=\"_self\"  ><img loading=\"lazy\" decoding=\"async\" width=\"1200\" height=\"675\" src=\"https:\/\/thegreenballoon.org\/patisxclima\/wp-content\/uploads\/2023\/11\/231019_VII-jornades-patis-x-clima-17-scaled.jpg\" class=\"attachment-post-thumbnail size-post-thumbnail wp-post-image\" alt=\"Vols formar part de la XARXA estatal\" style=\"width:100%;height:100%;object-fit:cover;\" srcset=\"https:\/\/thegreenballoon.org\/patisxclima\/wp-content\/uploads\/2023\/11\/231019_VII-jornades-patis-x-clima-17-scaled.jpg 1200w, https:\/\/thegreenballoon.org\/patisxclima\/wp-content\/uploads\/2023\/11\/231019_VII-jornades-patis-x-clima-17-scaled-300x169.jpg 300w, https:\/\/thegreenballoon.org\/patisxclima\/wp-content\/uploads\/2023\/11\/231019_VII-jornades-patis-x-clima-17-scaled-1024x576.jpg 1024w, https:\/\/thegreenballoon.org\/patisxclima\/wp-content\/uploads\/2023\/11\/231019_VII-jornades-patis-x-clima-17-scaled-768x432.jpg 768w\" sizes=\"auto, (max-width: 1200px) 100vw, 1200px\" \/><\/a><\/figure>\n\n\n<div class=\"wp-block-group is-vertical is-content-justification-stretch is-layout-flex wp-container-core-group-is-layout-b16ad781 wp-block-group-is-layout-flex\"><h3 class=\"wp-block-post-title\"><a href=\"https:\/\/thegreenballoon.org\/patisxclima\/patis-x-clima-xarxa\/que-es-la-xarxa-estatal\/\" target=\"_self\" >Vols formar part de la XARXA estatal<\/a><\/h3>\n\n<div class=\"wp-block-post-excerpt\"><p class=\"wp-block-post-excerpt__excerpt\">La Xarxa Estatal de Renaturalitzaci\u00f3 d&#8217;Espais i Entorns Educatius \u00e9s una iniciativa que neix de la necessitat de donar resposta&hellip; <\/p><\/div><\/div>\n\n<\/li><li data-wp-key=\"post-template-item-13259\" class=\"wp-block-post post-13259 post type-post status-publish format-standard has-post-thumbnail hentry category-noticies infinite-scroll-item generate-columns tablet-grid-50 mobile-grid-100 grid-parent grid-25 no-featured-image-padding\">\n<figure style=\"aspect-ratio:16\/9;\" class=\"wp-block-post-featured-image\"><a href=\"https:\/\/thegreenballoon.org\/patisxclima\/noticies\/xarxa-estatal-de-refugis-climatics-el-potencial-de-les-escoles\/\" target=\"_self\"  ><img loading=\"lazy\" decoding=\"async\" width=\"1600\" height=\"1200\" src=\"https:\/\/thegreenballoon.org\/patisxclima\/wp-content\/uploads\/2026\/02\/260220_refugis-1.jpeg\" class=\"attachment-post-thumbnail size-post-thumbnail wp-post-image\" alt=\"Xarxa Estatal de Refugis clim\u00e0tics: el potencial de les escoles\" style=\"width:100%;height:100%;object-fit:cover;\" srcset=\"https:\/\/thegreenballoon.org\/patisxclima\/wp-content\/uploads\/2026\/02\/260220_refugis-1.jpeg 1600w, https:\/\/thegreenballoon.org\/patisxclima\/wp-content\/uploads\/2026\/02\/260220_refugis-1-300x225.jpeg 300w, https:\/\/thegreenballoon.org\/patisxclima\/wp-content\/uploads\/2026\/02\/260220_refugis-1-1024x768.jpeg 1024w, https:\/\/thegreenballoon.org\/patisxclima\/wp-content\/uploads\/2026\/02\/260220_refugis-1-768x576.jpeg 768w, https:\/\/thegreenballoon.org\/patisxclima\/wp-content\/uploads\/2026\/02\/260220_refugis-1-1536x1152.jpeg 1536w\" sizes=\"auto, (max-width: 1600px) 100vw, 1600px\" \/><\/a><\/figure>\n\n\n<div class=\"wp-block-group is-vertical is-content-justification-stretch is-layout-flex wp-container-core-group-is-layout-b16ad781 wp-block-group-is-layout-flex\"><h3 class=\"wp-block-post-title\"><a href=\"https:\/\/thegreenballoon.org\/patisxclima\/noticies\/xarxa-estatal-de-refugis-climatics-el-potencial-de-les-escoles\/\" target=\"_self\" >Xarxa Estatal de Refugis clim\u00e0tics: el potencial de les escoles<\/a><\/h3>\n\n<div class=\"wp-block-post-excerpt\"><p class=\"wp-block-post-excerpt__excerpt\">El Pacte d\u2019Estat davant l\u2019Emerg\u00e8ncia Clim\u00e0tica reconeix el paper dels centres educatius com a espais estrat\u00e8gics per protegir la salut&hellip; <\/p><\/div><\/div>\n\n<\/li><li data-wp-key=\"post-template-item-13114\" class=\"wp-block-post post-13114 post type-post status-publish format-standard has-post-thumbnail hentry category-noticies infinite-scroll-item generate-columns tablet-grid-50 mobile-grid-100 grid-parent grid-25 no-featured-image-padding\">\n<figure style=\"aspect-ratio:16\/9;\" class=\"wp-block-post-featured-image\"><a href=\"https:\/\/thegreenballoon.org\/patisxclima\/noticies\/evidencies-sobre-els-co-beneficis-de-la-renaturalitzacio\/\" target=\"_self\"  ><img loading=\"lazy\" decoding=\"async\" width=\"2560\" height=\"1920\" src=\"https:\/\/thegreenballoon.org\/patisxclima\/wp-content\/uploads\/2025\/12\/240614_conference-coolschools-rotterdam-globus-59-scaled.jpg\" class=\"attachment-post-thumbnail size-post-thumbnail wp-post-image\" alt=\"Evid\u00e8ncies sobre els co-beneficis de la Renaturalitzaci\u00f3\" style=\"width:100%;height:100%;object-fit:cover;\" srcset=\"https:\/\/thegreenballoon.org\/patisxclima\/wp-content\/uploads\/2025\/12\/240614_conference-coolschools-rotterdam-globus-59-scaled.jpg 2560w, https:\/\/thegreenballoon.org\/patisxclima\/wp-content\/uploads\/2025\/12\/240614_conference-coolschools-rotterdam-globus-59-300x225.jpg 300w, https:\/\/thegreenballoon.org\/patisxclima\/wp-content\/uploads\/2025\/12\/240614_conference-coolschools-rotterdam-globus-59-1024x768.jpg 1024w, https:\/\/thegreenballoon.org\/patisxclima\/wp-content\/uploads\/2025\/12\/240614_conference-coolschools-rotterdam-globus-59-768x576.jpg 768w, https:\/\/thegreenballoon.org\/patisxclima\/wp-content\/uploads\/2025\/12\/240614_conference-coolschools-rotterdam-globus-59-1536x1152.jpg 1536w, https:\/\/thegreenballoon.org\/patisxclima\/wp-content\/uploads\/2025\/12\/240614_conference-coolschools-rotterdam-globus-59-2048x1536.jpg 2048w\" sizes=\"auto, (max-width: 2560px) 100vw, 2560px\" \/><\/a><\/figure>\n\n\n<div class=\"wp-block-group is-vertical is-content-justification-stretch is-layout-flex wp-container-core-group-is-layout-b16ad781 wp-block-group-is-layout-flex\"><h3 class=\"wp-block-post-title\"><a href=\"https:\/\/thegreenballoon.org\/patisxclima\/noticies\/evidencies-sobre-els-co-beneficis-de-la-renaturalitzacio\/\" target=\"_self\" >Evid\u00e8ncies sobre els co-beneficis de la Renaturalitzaci\u00f3<\/a><\/h3>\n\n<div class=\"wp-block-post-excerpt\"><p class=\"wp-block-post-excerpt__excerpt\">Cada vegada s\u00f3n m\u00e9s les comunitats i municipis que ens demanen per les evid\u00e8ncies cient\u00edfiques que sustenten els co-beneficis de&hellip; <\/p><\/div><\/div>\n\n<\/li><li data-wp-key=\"post-template-item-12853\" class=\"wp-block-post post-12853 post type-post status-publish format-standard has-post-thumbnail hentry category-noticies infinite-scroll-item generate-columns tablet-grid-50 mobile-grid-100 grid-parent grid-25 no-featured-image-padding\">\n<figure style=\"aspect-ratio:16\/9;\" class=\"wp-block-post-featured-image\"><a href=\"https:\/\/thegreenballoon.org\/patisxclima\/noticies\/jornades-salut-ciutat-i-clima-a-manresa\/\" target=\"_self\"  ><img loading=\"lazy\" decoding=\"async\" width=\"850\" height=\"570\" src=\"https:\/\/thegreenballoon.org\/patisxclima\/wp-content\/uploads\/2025\/10\/jornada-manresa-pxc.jpeg\" class=\"attachment-post-thumbnail size-post-thumbnail wp-post-image\" alt=\"Jornades \u201cSalut, Ciutat i Clima\u201d a Manresa\" style=\"width:100%;height:100%;object-fit:cover;\" srcset=\"https:\/\/thegreenballoon.org\/patisxclima\/wp-content\/uploads\/2025\/10\/jornada-manresa-pxc.jpeg 850w, https:\/\/thegreenballoon.org\/patisxclima\/wp-content\/uploads\/2025\/10\/jornada-manresa-pxc-300x201.jpeg 300w, https:\/\/thegreenballoon.org\/patisxclima\/wp-content\/uploads\/2025\/10\/jornada-manresa-pxc-768x515.jpeg 768w\" sizes=\"auto, (max-width: 850px) 100vw, 850px\" \/><\/a><\/figure>\n\n\n<div class=\"wp-block-group is-vertical is-content-justification-stretch is-layout-flex wp-container-core-group-is-layout-b16ad781 wp-block-group-is-layout-flex\"><h3 class=\"wp-block-post-title\"><a href=\"https:\/\/thegreenballoon.org\/patisxclima\/noticies\/jornades-salut-ciutat-i-clima-a-manresa\/\" target=\"_self\" >Jornades \u201cSalut, Ciutat i Clima\u201d a Manresa<\/a><\/h3>\n\n<div class=\"wp-block-post-excerpt\"><p class=\"wp-block-post-excerpt__excerpt\">Jornades Salut, Ciutat i Clima,a Manresa una iniciativa pionera a la Catalunya Central per explorar i debatre els vincles entre&hellip; <\/p><\/div><\/div>\n\n<\/li><li data-wp-key=\"post-template-item-12818\" class=\"wp-block-post post-12818 post type-post status-publish format-standard has-post-thumbnail hentry category-noticies category-patis-x-clima-xarxa infinite-scroll-item generate-columns tablet-grid-50 mobile-grid-100 grid-parent grid-25 no-featured-image-padding\">\n<figure style=\"aspect-ratio:16\/9;\" class=\"wp-block-post-featured-image\"><a href=\"https:\/\/thegreenballoon.org\/patisxclima\/patis-x-clima-xarxa\/iv-mesa-intersectorial-estatal-a-saragossa\/\" target=\"_self\"  ><img loading=\"lazy\" decoding=\"async\" width=\"1600\" height=\"1200\" src=\"https:\/\/thegreenballoon.org\/patisxclima\/wp-content\/uploads\/2025\/10\/251020_IV-mesa-red-pxc-18.jpg\" class=\"attachment-post-thumbnail size-post-thumbnail wp-post-image\" alt=\"IV Mesa Intersectorial Estatal a Saragossa\" style=\"width:100%;height:100%;object-fit:cover;\" srcset=\"https:\/\/thegreenballoon.org\/patisxclima\/wp-content\/uploads\/2025\/10\/251020_IV-mesa-red-pxc-18.jpg 1600w, https:\/\/thegreenballoon.org\/patisxclima\/wp-content\/uploads\/2025\/10\/251020_IV-mesa-red-pxc-18-300x225.jpg 300w, https:\/\/thegreenballoon.org\/patisxclima\/wp-content\/uploads\/2025\/10\/251020_IV-mesa-red-pxc-18-1024x768.jpg 1024w, https:\/\/thegreenballoon.org\/patisxclima\/wp-content\/uploads\/2025\/10\/251020_IV-mesa-red-pxc-18-768x576.jpg 768w, https:\/\/thegreenballoon.org\/patisxclima\/wp-content\/uploads\/2025\/10\/251020_IV-mesa-red-pxc-18-1536x1152.jpg 1536w\" sizes=\"auto, (max-width: 1600px) 100vw, 1600px\" \/><\/a><\/figure>\n\n\n<div class=\"wp-block-group is-vertical is-content-justification-stretch is-layout-flex wp-container-core-group-is-layout-b16ad781 wp-block-group-is-layout-flex\"><h3 class=\"wp-block-post-title\"><a href=\"https:\/\/thegreenballoon.org\/patisxclima\/patis-x-clima-xarxa\/iv-mesa-intersectorial-estatal-a-saragossa\/\" target=\"_self\" >IV Mesa Intersectorial Estatal a Saragossa<\/a><\/h3>\n\n<div class=\"wp-block-post-excerpt\"><p class=\"wp-block-post-excerpt__excerpt\">El passat 20 d\u2019octubre es va celebrar a Saragossa la IV Mesa Intersectorial a nivell estatal de Renaturalitzaci\u00f3 d\u2019Espais i&hellip; <\/p><\/div><\/div>\n\n<\/li><li data-wp-key=\"post-template-item-12379\" class=\"wp-block-post post-12379 post type-post status-publish format-standard has-post-thumbnail hentry category-noticies infinite-scroll-item generate-columns tablet-grid-50 mobile-grid-100 grid-parent grid-25 no-featured-image-padding\">\n<figure style=\"aspect-ratio:16\/9;\" class=\"wp-block-post-featured-image\"><a href=\"https:\/\/thegreenballoon.org\/patisxclima\/noticies\/renaturalitzacio-i-intelligencia-collectiva-a-la-xix-biennal-darquitectura\/\" target=\"_self\"  ><img loading=\"lazy\" decoding=\"async\" width=\"1600\" height=\"1200\" src=\"https:\/\/thegreenballoon.org\/patisxclima\/wp-content\/uploads\/2025\/08\/251123_biennale-globus-verd-d.jpg\" class=\"attachment-post-thumbnail size-post-thumbnail wp-post-image\" alt=\"Renaturalitzaci\u00f3 i intel\u00b7lig\u00e8ncia col\u00b7lectiva a la XIX Biennal d&#8217;arquitectura\" style=\"width:100%;height:100%;object-fit:cover;\" srcset=\"https:\/\/thegreenballoon.org\/patisxclima\/wp-content\/uploads\/2025\/08\/251123_biennale-globus-verd-d.jpg 1600w, https:\/\/thegreenballoon.org\/patisxclima\/wp-content\/uploads\/2025\/08\/251123_biennale-globus-verd-d-300x225.jpg 300w, https:\/\/thegreenballoon.org\/patisxclima\/wp-content\/uploads\/2025\/08\/251123_biennale-globus-verd-d-1024x768.jpg 1024w, https:\/\/thegreenballoon.org\/patisxclima\/wp-content\/uploads\/2025\/08\/251123_biennale-globus-verd-d-768x576.jpg 768w, https:\/\/thegreenballoon.org\/patisxclima\/wp-content\/uploads\/2025\/08\/251123_biennale-globus-verd-d-1536x1152.jpg 1536w\" sizes=\"auto, (max-width: 1600px) 100vw, 1600px\" \/><\/a><\/figure>\n\n\n<div class=\"wp-block-group is-vertical is-content-justification-stretch is-layout-flex wp-container-core-group-is-layout-b16ad781 wp-block-group-is-layout-flex\"><h3 class=\"wp-block-post-title\"><a href=\"https:\/\/thegreenballoon.org\/patisxclima\/noticies\/renaturalitzacio-i-intelligencia-collectiva-a-la-xix-biennal-darquitectura\/\" target=\"_self\" >Renaturalitzaci\u00f3 i intel\u00b7lig\u00e8ncia col\u00b7lectiva a la XIX Biennal d&#8217;arquitectura<\/a><\/h3>\n\n<div class=\"wp-block-post-excerpt\"><p class=\"wp-block-post-excerpt__excerpt\">La Biennal d\u2019Arquitectura de Ven\u00e8cia d\u2019enguany planteja una reflexi\u00f3 profunda sobre el paper de l\u2019arquitectura en la crisi ambiental i&hellip; <\/p><\/div><\/div>\n\n<\/li><li data-wp-key=\"post-template-item-12442\" class=\"wp-block-post post-12442 post type-post status-publish format-standard has-post-thumbnail hentry category-noticies infinite-scroll-item generate-columns tablet-grid-50 mobile-grid-100 grid-parent grid-25 no-featured-image-padding\">\n<figure style=\"aspect-ratio:16\/9;\" class=\"wp-block-post-featured-image\"><a href=\"https:\/\/thegreenballoon.org\/patisxclima\/noticies\/consulta-publica-pacte-estat\/\" target=\"_self\"  ><img loading=\"lazy\" decoding=\"async\" width=\"2560\" height=\"1920\" src=\"https:\/\/thegreenballoon.org\/patisxclima\/wp-content\/uploads\/2025\/09\/img-globus-verd-escola-1-scaled.jpg\" class=\"attachment-post-thumbnail size-post-thumbnail wp-post-image\" alt=\"Consulta p\u00fablica per al Pacte d&#8217;Estat front l&#8217;Emerg\u00e8ncia Clim\u00e0tica\" style=\"width:100%;height:100%;object-fit:cover;\" srcset=\"https:\/\/thegreenballoon.org\/patisxclima\/wp-content\/uploads\/2025\/09\/img-globus-verd-escola-1-scaled.jpg 2560w, https:\/\/thegreenballoon.org\/patisxclima\/wp-content\/uploads\/2025\/09\/img-globus-verd-escola-1-300x225.jpg 300w, https:\/\/thegreenballoon.org\/patisxclima\/wp-content\/uploads\/2025\/09\/img-globus-verd-escola-1-1024x768.jpg 1024w, https:\/\/thegreenballoon.org\/patisxclima\/wp-content\/uploads\/2025\/09\/img-globus-verd-escola-1-768x576.jpg 768w, https:\/\/thegreenballoon.org\/patisxclima\/wp-content\/uploads\/2025\/09\/img-globus-verd-escola-1-1536x1152.jpg 1536w, https:\/\/thegreenballoon.org\/patisxclima\/wp-content\/uploads\/2025\/09\/img-globus-verd-escola-1-2048x1536.jpg 2048w\" sizes=\"auto, (max-width: 2560px) 100vw, 2560px\" \/><\/a><\/figure>\n\n\n<div class=\"wp-block-group is-vertical is-content-justification-stretch is-layout-flex wp-container-core-group-is-layout-b16ad781 wp-block-group-is-layout-flex\"><h3 class=\"wp-block-post-title\"><a href=\"https:\/\/thegreenballoon.org\/patisxclima\/noticies\/consulta-publica-pacte-estat\/\" target=\"_self\" >Consulta p\u00fablica per al Pacte d&#8217;Estat front l&#8217;Emerg\u00e8ncia Clim\u00e0tica<\/a><\/h3>\n\n<div class=\"wp-block-post-excerpt\"><p class=\"wp-block-post-excerpt__excerpt\">En aquest moment, el Govern espanyol ha obert una consulta p\u00fablica per elaborar el Pacte d&#8217;Estat front l&#8217;Emerg\u00e8ncia Clim\u00e0tica. Des&hellip; <\/p><\/div><\/div>\n\n<\/li><\/ul>\n\n\n<div style=\"height:var(--wp--preset--spacing--80)\" aria-hidden=\"true\" class=\"wp-block-spacer\"><\/div>\n\n\n<nav class=\"wp-block-query-pagination is-content-justification-space-between is-layout-flex wp-container-core-query-pagination-is-layout-3d213aab wp-block-query-pagination-is-layout-flex\" aria-label=\"Paginaci\u00f3\">\n\n\n<div class=\"wp-block-query-pagination-numbers\"><span data-wp-key=\"index-0\" aria-current=\"page\" class=\"page-numbers current\">1<\/span>\n<a data-wp-key=\"index-1\" data-wp-on--click=\"core\/query::actions.navigate\" class=\"page-numbers\" href=\"?query-2-page=2\">2<\/a>\n<a data-wp-key=\"index-2\" data-wp-on--click=\"core\/query::actions.navigate\" class=\"page-numbers\" href=\"?query-2-page=3\">3<\/a>\n<span data-wp-key=\"index-3\" class=\"page-numbers dots\">&hellip;<\/span>\n<a data-wp-key=\"index-4\" data-wp-on--click=\"core\/query::actions.navigate\" class=\"page-numbers\" href=\"?query-2-page=12\">12<\/a><\/div>\n\n<a data-wp-key=\"query-pagination-next\" data-wp-on--click=\"core\/query::actions.navigate\" data-wp-on--mouseenter=\"core\/query::actions.prefetch\" data-wp-watch=\"core\/query::callbacks.prefetch\" href=\"\/patisxclima\/wp-json\/wp\/v2\/pages\/8236?query-2-page=2\" class=\"wp-block-query-pagination-next\">P\u00e0gina seg\u00fcent<\/a>\n<\/nav>\n\n<\/div>\n","protected":false},"excerpt":{"rendered":"","protected":false},"author":3,"featured_media":0,"parent":0,"menu_order":0,"comment_status":"closed","ping_status":"closed","template":"","meta":{"footnotes":""},"class_list":{"0":"post-8236","1":"page","2":"type-page","3":"status-publish","5":"infinite-scroll-item","6":"no-featured-image-padding"},"_links":{"self":[{"href":"https:\/\/thegreenballoon.org\/patisxclima\/wp-json\/wp\/v2\/pages\/8236","targetHints":{"allow":["GET"]}}],"collection":[{"href":"https:\/\/thegreenballoon.org\/patisxclima\/wp-json\/wp\/v2\/pages"}],"about":[{"href":"https:\/\/thegreenballoon.org\/patisxclima\/wp-json\/wp\/v2\/types\/page"}],"author":[{"embeddable":true,"href":"https:\/\/thegreenballoon.org\/patisxclima\/wp-json\/wp\/v2\/users\/3"}],"replies":[{"embeddable":true,"href":"https:\/\/thegreenballoon.org\/patisxclima\/wp-json\/wp\/v2\/comments?post=8236"}],"version-history":[{"count":1,"href":"https:\/\/thegreenballoon.org\/patisxclima\/wp-json\/wp\/v2\/pages\/8236\/revisions"}],"predecessor-version":[{"id":10012,"href":"https:\/\/thegreenballoon.org\/patisxclima\/wp-json\/wp\/v2\/pages\/8236\/revisions\/10012"}],"wp:attachment":[{"href":"https:\/\/thegreenballoon.org\/patisxclima\/wp-json\/wp\/v2\/media?parent=8236"}],"curies":[{"name":"wp","href":"https:\/\/api.w.org\/{rel}","templated":true}]}}