{"id":349,"date":"2019-09-05T10:20:36","date_gmt":"2019-09-05T09:20:36","guid":{"rendered":"https:\/\/thegreenballoon.org\/patisxclima\/?page_id=349"},"modified":"2026-02-25T12:41:40","modified_gmt":"2026-02-25T10:41:40","slug":"descripcion-del-proyecto","status":"publish","type":"page","link":"https:\/\/thegreenballoon.org\/patisxclima\/descripcion-del-proyecto\/","title":{"rendered":"patios x clima"},"content":{"rendered":"<p><img loading=\"lazy\" decoding=\"async\" class=\"alignnone wp-image-1997 size-full\" src=\"https:\/\/thegreenballoon.org\/patisxclima\/wp-content\/uploads\/2019\/12\/renaturalitzaci\u00f3-the-green-balloon-1.jpg\" alt=\"\" width=\"1000\" height=\"400\" srcset=\"https:\/\/thegreenballoon.org\/patisxclima\/wp-content\/uploads\/2019\/12\/renaturalitzaci\u00f3-the-green-balloon-1.jpg 1000w, https:\/\/thegreenballoon.org\/patisxclima\/wp-content\/uploads\/2019\/12\/renaturalitzaci\u00f3-the-green-balloon-1-300x120.jpg 300w, https:\/\/thegreenballoon.org\/patisxclima\/wp-content\/uploads\/2019\/12\/renaturalitzaci\u00f3-the-green-balloon-1-768x307.jpg 768w\" sizes=\"auto, (max-width: 1000px) 100vw, 1000px\" \/><\/p>\n<p>El a\u00f1o 2017 nace <a href=\"https:\/\/thegreenballoon.org\/patisxclima\/es\/\" target=\"_blank\" rel=\"noopener\"><em>Patios x Clima<\/em><\/a>, un programa desarrollado por <a href=\"info@thegreenballoon.org\"><em>El Globus Verd<\/em><\/a> con la voluntad de concentrar en un \u00fanico eje todas las acciones que llevamos a cabo en torno a la renaturalizaci\u00f3n de espacios y entornos educativos. El programa integra tanto el acompa\u00f1amiento en el \u00e1mbito legal y administrativo como las dimensiones pr\u00e1cticas vinculadas a la acci\u00f3n comunitaria, pedag\u00f3gica y de dise\u00f1o, promoviendo a la vez el cuidado del entorno y facilitando el desarrollo de ambientes m\u00e1s sostenibles, saludables y resilientes.<\/p>\n<p>Con el apoyo inicial de la <a href=\"https:\/\/fundacion-biodiversidad.es\/\" target=\"_blank\" rel=\"noopener\">Fundaci\u00f3n Biodiversidad<\/a> del Ministerio para la Transici\u00f3n Ecol\u00f3gica y el Reto Demogr\u00e1fico, <a href=\"info@thegreenballoon.org\"><em>El Globus Verd<\/em><\/a>, a trav\u00e9s de esta web, va recogiendo a\u00f1o tras a\u00f1o las experiencias de todas las acciones desarrolladas: desde jornadas divulgativas y formaciones, hasta procesos de dise\u00f1o colaborativo, la renaturalizaci\u00f3n de espacios y entornos educativos, y la generaci\u00f3n de comunidades activas a su alrededor.<\/p>\n<p>Para conocer en detalle los proyectos y las acciones vinculadas a este eje de trabajo, pod\u00e9is consultar los distintos apartados de la web de <a href=\"https:\/\/thegreenballoon.org\/patisxclima\/es\/\" target=\"_blank\" rel=\"noopener\"><em>Patios x Clima<\/em><\/a>.<\/p>\n","protected":false},"excerpt":{"rendered":"<p>El a\u00f1o 2017 nace Patios x Clima, un programa desarrollado por El Globus Verd con la voluntad de concentrar en &#8230; <a title=\"patios x clima\" class=\"read-more\" href=\"https:\/\/thegreenballoon.org\/patisxclima\/descripcion-del-proyecto\/\" aria-label=\"M\u00e9s informaci\u00f3 sobre patios x clima\">[+]<\/a><\/p>\n","protected":false},"author":13,"featured_media":1997,"parent":0,"menu_order":0,"comment_status":"closed","ping_status":"closed","template":"","meta":{"footnotes":""},"class_list":{"0":"post-349","1":"page","2":"type-page","3":"status-publish","4":"has-post-thumbnail","6":"infinite-scroll-item","7":"no-featured-image-padding"},"_links":{"self":[{"href":"https:\/\/thegreenballoon.org\/patisxclima\/wp-json\/wp\/v2\/pages\/349","targetHints":{"allow":["GET"]}}],"collection":[{"href":"https:\/\/thegreenballoon.org\/patisxclima\/wp-json\/wp\/v2\/pages"}],"about":[{"href":"https:\/\/thegreenballoon.org\/patisxclima\/wp-json\/wp\/v2\/types\/page"}],"author":[{"embeddable":true,"href":"https:\/\/thegreenballoon.org\/patisxclima\/wp-json\/wp\/v2\/users\/13"}],"replies":[{"embeddable":true,"href":"https:\/\/thegreenballoon.org\/patisxclima\/wp-json\/wp\/v2\/comments?post=349"}],"version-history":[{"count":3,"href":"https:\/\/thegreenballoon.org\/patisxclima\/wp-json\/wp\/v2\/pages\/349\/revisions"}],"predecessor-version":[{"id":13285,"href":"https:\/\/thegreenballoon.org\/patisxclima\/wp-json\/wp\/v2\/pages\/349\/revisions\/13285"}],"wp:featuredmedia":[{"embeddable":true,"href":"https:\/\/thegreenballoon.org\/patisxclima\/wp-json\/wp\/v2\/media\/1997"}],"wp:attachment":[{"href":"https:\/\/thegreenballoon.org\/patisxclima\/wp-json\/wp\/v2\/media?parent=349"}],"curies":[{"name":"wp","href":"https:\/\/api.w.org\/{rel}","templated":true}]}}