{"id":2807,"date":"2020-02-12T12:32:50","date_gmt":"2020-02-12T11:32:50","guid":{"rendered":"https:\/\/thegreenballoon.org\/patisxclima\/?page_id=2807"},"modified":"2020-02-12T12:33:24","modified_gmt":"2020-02-12T11:33:24","slug":"politica-de-privadesa","status":"publish","type":"page","link":"https:\/\/thegreenballoon.org\/patisxclima\/politica-de-privadesa\/","title":{"rendered":"Pol\u00edtica de privadesa"},"content":{"rendered":"\r\n<h2 class=\"wp-block-heading\">Qui som<\/h2>\r\n\r\n\r\n\r\n<p>La nostra adre\u00e7a web \u00e9s: https:\/\/thegreenballoon.org\/patisxclima.<\/p>\r\n\r\n\r\n\r\n<h2 class=\"wp-block-heading\">Quines dades personals recollim i per qu\u00e8<\/h2>\r\n\r\n\r\n\r\n<h3 class=\"wp-block-heading\">Comentaris<\/h3>\r\n\r\n\r\n\r\n<p>Quan els visitants deixen comentaris a la web, recollim les dades que es mostren al formulari de contacte, aix\u00ed com l&#8217;adre\u00e7a IP del visitant i la cadena de l&#8217;agent de l&#8217;usuari del navegador per ajudar a la detecci\u00f3 de missatges brossa.<\/p>\r\n\r\n\r\n\r\n<p>Una cadena anonimitzada creada a partir del correu electr\u00f2nic (tamb\u00e9 nomenat un hash) pot proporcionar-se al servei Gravatar per veure si l&#8217;esteu usant. La pol\u00edtica de privadesa del servei Gravatar est\u00e0 disponible aqu\u00ed: https:\/\/automattic.com\/privacy\/. Una vegada aprovat el comentari, la imatge del vostre perfil \u00e9s visible al p\u00fablic al context del comentari.<\/p>\r\n\r\n\r\n\r\n<h3 class=\"wp-block-heading\">M\u00e8dia<\/h3>\r\n\r\n\r\n\r\n<p>Si pugeu imatges al lloc web, heu d&#8217;evitar pujar imatges que incloguin dades de geolocalitzaci\u00f3 (EXIF GPS) incrustades. Els visitants del lloc web poden descarregar i extreure qualsevol informaci\u00f3 de les imatges de la web.<\/p>\r\n\r\n\r\n\r\n<h3 class=\"wp-block-heading\">Formularis de contacte<\/h3>\r\n\r\n\r\n\r\n<h3 class=\"wp-block-heading\">Galetes<\/h3>\r\n\r\n\r\n\r\n<p>Si deixeu un comentari en la p\u00e0gina web, podeu optar per desar el nom, l&#8217;adre\u00e7a de correu electr\u00f2nic i la p\u00e0gina web en les galetes. Aix\u00f2 \u00e9s per la vostra comoditat perqu\u00e8 no h\u00e0geu d&#8217;emplenar les dades de nou quan feu un altre comentari. Aquestes galetes duraran un any.<\/p>\r\n\r\n\r\n\r\n<p>Si teniu un compte i inicieu sessi\u00f3 en aquesta p\u00e0gina web, es definir\u00e0 una galeta temporal per determinar si el navegador accepta galetes. Aquesta galeta no cont\u00e9 dades personals i es descartar\u00e0 quan tanqueu el navegador.<\/p>\r\n\r\n\r\n\r\n<p>Quan inicieu sessi\u00f3, tamb\u00e9 es configuraran diverses galetes per desar la informaci\u00f3 d&#8217;inici de sessi\u00f3 i les opcions de visualitzaci\u00f3 de la pantalla. Les galeres d&#8217;inici de sessi\u00f3 duren dos dies, i les galetes de les opcions de pantalla duren un any. Si seleccioneu &#8220;Recordeu-me&#8221;, l&#8217;inici de sessi\u00f3 persistir\u00e0 durant dues setmanes. Si finalitzeu la sessi\u00f3, les galetes d&#8217;inici de sessi\u00f3 seran suprimides.<\/p>\r\n\r\n\r\n\r\n<p>Si editeu o publiqueu un article, una galeta addicional es desar\u00e0 al navegador. Aquesta galeta no inclou dades personals i simplement indica l&#8217;identificador de l&#8217;entrada que acabeu d&#8217;editar. Expira despr\u00e9s d&#8217;1 dia.<\/p>\r\n\r\n\r\n\r\n<h3 class=\"wp-block-heading\">Contingut incrustat d&#8217;altres llocs web<\/h3>\r\n\r\n\r\n\r\n<p>Els articles en aquesta p\u00e0gina web inclou contingut incrustat (per exemple, v\u00eddeos, imatges, articles, etc.). El contingut incrustat des d&#8217;altres p\u00e0gines web es comporta exactament de la mateixa manera com si el visitant estigu\u00e9s visitant l&#8217;altra p\u00e0gina web.<\/p>\r\n\r\n\r\n\r\n<p>Aquestes p\u00e0gines web poden recollir dades sobre v\u00f3s, fer servir galetes, incrustar seguiment addicional de terceres parts, i monitorar la interacci\u00f3 amb el contingut incrustat, incloent-hi la tra\u00e7a de la interacci\u00f3 amb el contingut incrustat si teniu un compte i heu iniciat sessi\u00f3 en aquesta p\u00e0gina web.<\/p>\r\n\r\n\r\n\r\n<h3 class=\"wp-block-heading\">Anal\u00edtiques<\/h3>\r\n\r\n\r\n\r\n<h2 class=\"wp-block-heading\">Amb qui compartim les vostres dades<\/h2>\r\n\r\n\r\n\r\n<h2 class=\"wp-block-heading\">Quant de temps retenim les dades<\/h2>\r\n\r\n\r\n\r\n<p>Si deixeu un comentari, el comentari i les seves dades meta es retenen indefinidament. Aix\u00f2 \u00e9s per poder recon\u00e8ixer i aprovar autom\u00e0ticament qualsevol comentari de seguiment en lloc de mantenir-los en la cua de moderaci\u00f3.<\/p>\r\n\r\n\r\n\r\n<p>Per als usuaris que es registren en la web (si hi ha), tamb\u00e9 emmagatzemem la informaci\u00f3 personal que proporcionen al seu perfil d&#8217;usuari. Tots els usuaris poden veure, editar o suprimir la seva informaci\u00f3 personal en qualsevol moment (excepte que no poden canviar el seu nom d&#8217;usuari). Els administradors de la p\u00e0gina web poden tamb\u00e9 editar aquesta informaci\u00f3.<\/p>\r\n\r\n\r\n\r\n<h2 class=\"wp-block-heading\">Quins drets teniu sobre les vostres dades<\/h2>\r\n\r\n\r\n\r\n<p>Si teniu un compte en aquest lloc web o hi heu deixat comentaris, podeu demanar que us enviem un fitxer d&#8217;exportaci\u00f3 de les vostres dades personals, incloent-hi totes les dades que ens h\u00e0geu proporcionat. Tamb\u00e9 podeu demanar que esborrem qualsevol dada personal vostra que tinguem. Aix\u00f2 no inclou les dades que estiguem obligats a conservar amb prop\u00f2sits administratius, legals o de seguretat.<\/p>\r\n\r\n\r\n\r\n<h2 class=\"wp-block-heading\">On enviem les vostres dades<\/h2>\r\n\r\n\r\n\r\n<p>Els comentaris dels visitants han de ser comprovats mitjan\u00e7ant un servei de detecci\u00f3 de brossa automatitzat.<\/p>\r\n\r\n\r\n\r\n<h2 class=\"wp-block-heading\">Informaci\u00f3 de contacte<\/h2>\r\n\r\n\r\n\r\n<h2 class=\"wp-block-heading\">Informaci\u00f3 addicional<\/h2>\r\n\r\n\r\n\r\n<h3 class=\"wp-block-heading\">Com protegim les vostres dades<\/h3>\r\n\r\n\r\n\r\n<h3 class=\"wp-block-heading\">Quins procediments d&#8217;incompliment de dades tenim en el lloc<\/h3>\r\n\r\n\r\n\r\n<h3 class=\"wp-block-heading\">De quins tercers rebem dades<\/h3>\r\n\r\n\r\n\r\n<h3 class=\"wp-block-heading\">Quina presa de decisions automatitzada i\/o perfil fem amb les dades de l&#8217;usuari<\/h3>\r\n\r\n\r\n\r\n<h3 class=\"wp-block-heading\">Requisits de divulgaci\u00f3 reglament\u00e0ria de la ind\u00fastria<\/h3>\r\n","protected":false},"excerpt":{"rendered":"<p>Qui som La nostra adre\u00e7a web \u00e9s: https:\/\/thegreenballoon.org\/patisxclima. Quines dades personals recollim i per qu\u00e8 Comentaris Quan els visitants deixen &#8230; <a title=\"Pol\u00edtica de privadesa\" class=\"read-more\" href=\"https:\/\/thegreenballoon.org\/patisxclima\/politica-de-privadesa\/\" aria-label=\"M\u00e9s informaci\u00f3 sobre Pol\u00edtica de privadesa\">[+]<\/a><\/p>\n","protected":false},"author":13,"featured_media":0,"parent":0,"menu_order":0,"comment_status":"closed","ping_status":"closed","template":"","meta":{"footnotes":""},"class_list":{"0":"post-2807","1":"page","2":"type-page","3":"status-publish","5":"infinite-scroll-item","6":"no-featured-image-padding"},"_links":{"self":[{"href":"https:\/\/thegreenballoon.org\/patisxclima\/wp-json\/wp\/v2\/pages\/2807","targetHints":{"allow":["GET"]}}],"collection":[{"href":"https:\/\/thegreenballoon.org\/patisxclima\/wp-json\/wp\/v2\/pages"}],"about":[{"href":"https:\/\/thegreenballoon.org\/patisxclima\/wp-json\/wp\/v2\/types\/page"}],"author":[{"embeddable":true,"href":"https:\/\/thegreenballoon.org\/patisxclima\/wp-json\/wp\/v2\/users\/13"}],"replies":[{"embeddable":true,"href":"https:\/\/thegreenballoon.org\/patisxclima\/wp-json\/wp\/v2\/comments?post=2807"}],"version-history":[{"count":0,"href":"https:\/\/thegreenballoon.org\/patisxclima\/wp-json\/wp\/v2\/pages\/2807\/revisions"}],"wp:attachment":[{"href":"https:\/\/thegreenballoon.org\/patisxclima\/wp-json\/wp\/v2\/media?parent=2807"}],"curies":[{"name":"wp","href":"https:\/\/api.w.org\/{rel}","templated":true}]}}