{"id":2805,"date":"2020-02-12T12:32:50","date_gmt":"2020-02-12T11:32:50","guid":{"rendered":"https:\/\/thegreenballoon.org\/patisxclima\/?page_id=2805"},"modified":"2021-04-20T10:06:39","modified_gmt":"2021-04-20T08:06:39","slug":"politica-de-privacidad","status":"publish","type":"page","link":"https:\/\/thegreenballoon.org\/patisxclima\/politica-de-privacidad\/","title":{"rendered":"Pol\u00edtica de privacidad"},"content":{"rendered":"\r\n<p>elglobusvermell.org est\u00e1 comprometido a proteger tu privacidad y a desarrollar y utilizar tecnolog\u00eda que te ofrece la experiencia en l\u00ednea m\u00e1s potente y segura. Esta declaraci\u00f3n de privacidad se aplica al sitio Web elglobusvermell.org y abarca la recolecci\u00f3n de datos y su uso. Al utilizar el sitio elglobusvermell.org, t\u00fa aceptas las pr\u00e1cticas utilizadas en relaci\u00f3n a los datos que se describen en este documento.<\/p>\r\n<p><strong>Recolecci\u00f3n de tu informaci\u00f3n personal<\/strong><\/p>\r\n<p>elglobusvermell.org recolecta informaci\u00f3n de identificaci\u00f3n personal, como tu direcci\u00f3n de correo electr\u00f3nico (e-mail), nombre, direcci\u00f3n del trabajo o de tu casa, o tu n\u00famero telef\u00f3nico. elglobusvermell.org tambi\u00e9n puede recabar informaci\u00f3n demogr\u00e1fica an\u00f3nima, que puede no ser privada, como por ejemplo el c\u00f3digo postal, edad, sexo, preferencias, intereses y favoritos.<\/p>\r\n<p>Tambi\u00e9n existe informaci\u00f3n acerca del hardware y software de tu ordenador personal que elglobusvermell.org recaba autom\u00e1ticamente. Esta informaci\u00f3n puede incluir: tu direcci\u00f3n IP, tipo de navegador de internet usado, nombres de dominio, tiempos de acceso y direcciones de sitios web que hacen referencia a \u00e9ste. Esta informaci\u00f3n es utilizada por elglobusvermell.org para la operaci\u00f3n del servicio, para mantener la calidad del servicio prestado y para brindar estad\u00edsticas generales acerca del uso del sitio web elglobusvermell.org.<\/p>\r\n<p><strong>Uso de tu informaci\u00f3n personal<\/strong><\/p>\r\n<p>elglobusvermell.org recaba y utiliza tu informaci\u00f3n personal para operar el sitio web elglobusvermell.org y brindarte los servicios que hayas solicitado. elglobusvermell.org tambi\u00e9n utiliza la informaci\u00f3n de tu identificaci\u00f3n personal para informarte acerca de otros productos o servicios disponibles en elglobusvermell.org y sus entidades afiliadas. elglobusvermell.org puede tambi\u00e9n contactarte mediante encuestas, para conocer tu opini\u00f3n sobre los servicios prestados actualmente o sobre servicios que potencialmente puedan ser ofrecidos en el futuro.<\/p>\r\n<p>Los sitios web de elglobusvermell.org divulgar\u00e1n tu informaci\u00f3n personal sin notificarte, s\u00f3lo cuando as\u00ed sea requerido por la ley o cuando se crea de buena fe que dicha acci\u00f3n es necesaria para: (a) cumplir con edictos legales o satisfacer el cumplimiento de un proceso legal realizado sobre elglobusvermell.org o el sitio; (b) proteger y defender los derechos de propiedad intelectual o copyright de elglobusvermell.org; y, (c) actuar bajo circunstancias extremas, para proteger la seguridad de los usuarios de elglobusvermell.org, o del p\u00fablico.<\/p>\r\n<p><strong>Uso de &#8220;cookies&#8221;<\/strong><\/p>\r\n<p>El sitio web elglobusvermell.org utiliza &#8220;cookies&#8221; para ayudarte a personalizar tu experiencia en l\u00ednea. Una cookie es un fichero de texto que es grabado en tu disco duro por un servidor de p\u00e1ginas web. Las cookies no pueden ser utilizadas para ejecutar programas o distribuir virus inform\u00e1ticos a tu ordenador. Las cookies te son asignadas en forma un\u00edvoca por el servidor, y pueden ser le\u00eddas \u00fanicamente por un servidor miembro del dominio que emiti\u00f3 la cookie.<\/p>\r\n<p>T\u00fa tienes la posibilidad de aceptar o rechazar cookies. La mayor\u00eda de los navegadores de internet aceptan las cookies autom\u00e1ticamente, pero si lo prefieres puedes modificar la configuraci\u00f3n para que las rechace. Si eliges que el navegador rechace cookies, es probable que no puedas aprovechar en su totalidad las caracter\u00edsticas interactivas de los servicios ofrecidos en elglobusvermell.org o en los sitios web que visites.<\/p>\r\n<p><strong>Seguridad de tu informaci\u00f3n personal<\/strong><\/p>\r\n<p>elglobusvermell.org asegura tu informaci\u00f3n personal frente al acceso, uso o divulgaci\u00f3n no autorizados. elglobusvermell.org mantiene la informaci\u00f3n de identificaci\u00f3n personal que hayas provisto en servidores ubicados en un ambiente controlado y seguro, protegidos del acceso, uso o divulgaci\u00f3n no autorizados.<\/p>\r\n<p><strong>Informaci\u00f3n de contacto<\/strong><\/p>\r\n<p>elglobusvermell.org recibe con agrado tus comentarios relativos a esta declaraci\u00f3n de privacidad. Si t\u00fa estimas que elglobusvermell.org no se ha ce\u00f1ido a esta declaraci\u00f3n, por favor ponte en contacto con elglobusvermell.org por medio de info@elglobusvermell.org. Dedicaremos nuestros mejores esfuerzos en t\u00e9rminos razonables para determinar el origen del problema y remediarlo cuanto antes.<\/p>\r\n","protected":false},"excerpt":{"rendered":"<p>elglobusvermell.org est\u00e1 comprometido a proteger tu privacidad y a desarrollar y utilizar tecnolog\u00eda que te ofrece la experiencia en l\u00ednea &#8230; <a title=\"Pol\u00edtica de privacidad\" class=\"read-more\" href=\"https:\/\/thegreenballoon.org\/patisxclima\/politica-de-privacidad\/\" aria-label=\"M\u00e9s informaci\u00f3 sobre Pol\u00edtica de privacidad\">[+]<\/a><\/p>\n","protected":false},"author":13,"featured_media":0,"parent":0,"menu_order":0,"comment_status":"closed","ping_status":"closed","template":"","meta":{"footnotes":""},"class_list":{"0":"post-2805","1":"page","2":"type-page","3":"status-publish","5":"infinite-scroll-item","6":"no-featured-image-padding"},"_links":{"self":[{"href":"https:\/\/thegreenballoon.org\/patisxclima\/wp-json\/wp\/v2\/pages\/2805","targetHints":{"allow":["GET"]}}],"collection":[{"href":"https:\/\/thegreenballoon.org\/patisxclima\/wp-json\/wp\/v2\/pages"}],"about":[{"href":"https:\/\/thegreenballoon.org\/patisxclima\/wp-json\/wp\/v2\/types\/page"}],"author":[{"embeddable":true,"href":"https:\/\/thegreenballoon.org\/patisxclima\/wp-json\/wp\/v2\/users\/13"}],"replies":[{"embeddable":true,"href":"https:\/\/thegreenballoon.org\/patisxclima\/wp-json\/wp\/v2\/comments?post=2805"}],"version-history":[{"count":0,"href":"https:\/\/thegreenballoon.org\/patisxclima\/wp-json\/wp\/v2\/pages\/2805\/revisions"}],"wp:attachment":[{"href":"https:\/\/thegreenballoon.org\/patisxclima\/wp-json\/wp\/v2\/media?parent=2805"}],"curies":[{"name":"wp","href":"https:\/\/api.w.org\/{rel}","templated":true}]}}