{"id":261,"date":"2019-09-05T10:20:36","date_gmt":"2019-09-05T09:20:36","guid":{"rendered":"https:\/\/thegreenballoon.org\/patisxclima\/?page_id=261"},"modified":"2026-02-25T12:41:06","modified_gmt":"2026-02-25T10:41:06","slug":"descripcio-projecte","status":"publish","type":"page","link":"https:\/\/thegreenballoon.org\/patisxclima\/descripcio-projecte\/","title":{"rendered":"patis x clima"},"content":{"rendered":"<p><img loading=\"lazy\" decoding=\"async\" class=\"alignnone wp-image-1997 size-full\" src=\"https:\/\/thegreenballoon.org\/patisxclima\/wp-content\/uploads\/2019\/12\/renaturalitzaci\u00f3-the-green-balloon-1.jpg\" alt=\"\" width=\"1000\" height=\"400\" srcset=\"https:\/\/thegreenballoon.org\/patisxclima\/wp-content\/uploads\/2019\/12\/renaturalitzaci\u00f3-the-green-balloon-1.jpg 1000w, https:\/\/thegreenballoon.org\/patisxclima\/wp-content\/uploads\/2019\/12\/renaturalitzaci\u00f3-the-green-balloon-1-300x120.jpg 300w, https:\/\/thegreenballoon.org\/patisxclima\/wp-content\/uploads\/2019\/12\/renaturalitzaci\u00f3-the-green-balloon-1-768x307.jpg 768w\" sizes=\"auto, (max-width: 1000px) 100vw, 1000px\" \/><\/p>\n<p data-start=\"0\" data-end=\"510\">L\u2019any 2017 neix <a href=\"https:\/\/thegreenballoon.org\/patisxclima\/ca\/\"><em>Patis x Clima<\/em><\/a>, un programa desenvolupat per <a href=\"info@thegreenballoon.org\"><em>El Globus Verd<\/em><\/a> amb la voluntat de concentrar en un sol eix totes les accions que duem a terme al voltant de la renaturalitzaci\u00f3 d\u2019espais i entorns educatius. El programa integra tant l\u2019acompanyament en l\u2019\u00e0mbit legal i administratiu com les dimensions pr\u00e0ctiques vinculades a l\u2019acci\u00f3 comunit\u00e0ria, pedag\u00f2gica i de disseny, promovent alhora la cura de l\u2019entorn i facilitant el desenvolupament d\u2019ambients m\u00e9s sostenibles, saludables i resilients.<\/p>\n<p data-start=\"512\" data-end=\"930\">Amb el suport inicial de la <span class=\"hover:entity-accent entity-underline inline cursor-pointer align-baseline\"><span class=\"whitespace-normal\"><a href=\"https:\/\/fundacion-biodiversidad.es\/\" target=\"_blank\" rel=\"noopener\">Fundaci\u00f3n Biodiversidad<\/a><\/span><\/span> del <span class=\"hover:entity-accent entity-underline inline cursor-pointer align-baseline\"><span class=\"whitespace-normal\">Ministerio para la Transici\u00f3n Ecol\u00f3gica y el Reto Demogr\u00e1fico<\/span><\/span>, <a href=\"info@thegreenballoon.org\"><em>El Globus Verd<\/em><\/a>, a trav\u00e9s d\u2019aquesta web, recull any rere any les experi\u00e8ncies de totes les accions desenvolupades: des de jornades divulgatives i formacions, fins a processos de disseny col\u00b7laboratiu, execuci\u00f3 d\u2019adequacions d\u2019espais i entorns educatius, i la generaci\u00f3 de comunitats actives al seu voltant.<\/p>\n<p data-start=\"932\" data-end=\"1089\" data-is-last-node=\"\" data-is-only-node=\"\">Per con\u00e8ixer en detall els projectes i les accions vinculades a aquest eix de treball, podeu consultar els diferents apartats de la web de <a href=\"https:\/\/thegreenballoon.org\/patisxclima\/ca\/\"><em>Patis x Clima<\/em><\/a>.<\/p>\n","protected":false},"excerpt":{"rendered":"<p>L\u2019any 2017 neix Patis x Clima, un programa desenvolupat per El Globus Verd amb la voluntat de concentrar en un &#8230; <a title=\"patis x clima\" class=\"read-more\" href=\"https:\/\/thegreenballoon.org\/patisxclima\/descripcio-projecte\/\" aria-label=\"M\u00e9s informaci\u00f3 sobre patis x clima\">[+]<\/a><\/p>\n","protected":false},"author":13,"featured_media":1997,"parent":0,"menu_order":0,"comment_status":"closed","ping_status":"closed","template":"","meta":{"footnotes":""},"class_list":{"0":"post-261","1":"page","2":"type-page","3":"status-publish","4":"has-post-thumbnail","6":"infinite-scroll-item","7":"no-featured-image-padding"},"_links":{"self":[{"href":"https:\/\/thegreenballoon.org\/patisxclima\/wp-json\/wp\/v2\/pages\/261","targetHints":{"allow":["GET"]}}],"collection":[{"href":"https:\/\/thegreenballoon.org\/patisxclima\/wp-json\/wp\/v2\/pages"}],"about":[{"href":"https:\/\/thegreenballoon.org\/patisxclima\/wp-json\/wp\/v2\/types\/page"}],"author":[{"embeddable":true,"href":"https:\/\/thegreenballoon.org\/patisxclima\/wp-json\/wp\/v2\/users\/13"}],"replies":[{"embeddable":true,"href":"https:\/\/thegreenballoon.org\/patisxclima\/wp-json\/wp\/v2\/comments?post=261"}],"version-history":[{"count":6,"href":"https:\/\/thegreenballoon.org\/patisxclima\/wp-json\/wp\/v2\/pages\/261\/revisions"}],"predecessor-version":[{"id":13284,"href":"https:\/\/thegreenballoon.org\/patisxclima\/wp-json\/wp\/v2\/pages\/261\/revisions\/13284"}],"wp:featuredmedia":[{"embeddable":true,"href":"https:\/\/thegreenballoon.org\/patisxclima\/wp-json\/wp\/v2\/media\/1997"}],"wp:attachment":[{"href":"https:\/\/thegreenballoon.org\/patisxclima\/wp-json\/wp\/v2\/media?parent=261"}],"curies":[{"name":"wp","href":"https:\/\/api.w.org\/{rel}","templated":true}]}}