{"id":1854,"date":"2019-12-10T11:33:16","date_gmt":"2019-12-10T10:33:16","guid":{"rendered":"https:\/\/thegreenballoon.org\/patisxclima\/?page_id=1854"},"modified":"2025-06-18T13:29:22","modified_gmt":"2025-06-18T11:29:22","slug":"publicacions","status":"publish","type":"page","link":"https:\/\/thegreenballoon.org\/patisxclima\/publicacions\/","title":{"rendered":"publicacions"},"content":{"rendered":"\n<p id=\"block-cbb492b4-dc1a-4122-8ac8-00fc965856c2\"><em>+<\/em> <a href=\"https:\/\/okdiario.com\/okgreen\/patio-del-cole-puede-ser-clave-lucha-contra-calor-14924996\" target=\"_blank\" rel=\"noreferrer noopener\">El pati de l&#8217;escola pot ser clau en la lluita contra la calor<\/a><br>Article publicat a okdiario.com. Juny 2025<\/p>\n\n\n\n<p id=\"block-30221911-78c7-4223-b805-d6009b3987d1\"><em>+<\/em> <a href=\"https:\/\/institutinfancia.cat\/es\/mediateca\/naturalitzacio-dels-espais-de-joc-banc-de-solucions-basades-en-la-natura\/\" target=\"_blank\" rel=\"noreferrer noopener\">Naturalitzaci\u00f3 dels espais de joc. Banc de Solucions Basades en la Natura<\/a><br>Informe de l\u2019Institut Inf\u00e0ncia i Adolesc\u00e8ncia de Barcelona \u2013 Institut Metr\u00f2poli (Ajuntament de Barcelona). Juny 2025<\/p>\n\n\n\n<p><em>+ <\/em><a href=\"https:\/\/theconversation.com\/cuatro-claves-para-crear-un-patio-vivo-en-la-escuela-248710\" target=\"_blank\" rel=\"noopener\">Cuatro claves para crear un patio vivo<\/a><em><br><\/em>Article publicat a The Conversation. Febrer 2025<\/p>\n\n\n\n<p><em>+ <\/em><a href=\"https:\/\/thegreenballoon.org\/patisxclima\/wp-content\/uploads\/2025\/06\/Q65_CONFORT-TERMIC_CAT-web.pdf\" target=\"_blank\" rel=\"noreferrer noopener\">De com la ciutat renaturalitzada esdev\u00e9 una ciutat confortable i viva<\/a><em><br><\/em>Article publicat al quaderns num 65 de la revista Opcions. Desembre 2024<\/p>\n\n\n\n<p><em>+ <a href=\"https:\/\/hazrevista.org\/innovacion-social\/2024\/07\/refugios-climaticos-estrategia-clave-adaptar-ciudades-calor-extremo\/\" target=\"_blank\" rel=\"noopener\">Refugios clim\u00e1ticos, una estrategia clave para adaptar las ciudades al calor extremo<\/a><br><\/em>Article publicat a la Revista Haz. Juliol 2024<\/p>\n\n\n\n<p><em>+<\/em> <a href=\"https:\/\/www.naturalizaeducacion.org\/2023\/04\/26\/naturalizacion-pedagogica\/\" target=\"_blank\" rel=\"noopener\">La naturalizaci\u00f3n de la escuela pasa por la naturalizaci\u00f3n pedag\u00f3gica<\/a><br>Entrevista a Naturaliza. Abril 2023<\/p>\n\n\n\n<p><em>+<\/em>&nbsp;<a href=\"https:\/\/www.uik.eus\/es\/noticias\/patios-educadores-puntos-verdes-ciudad?fbclid=IwAR0Vcx3edkaE7wrKmnEXf3xKD-ll2ZXFwLN4It8bCblnNGDLuBw52Gn0cV0\" target=\"_blank\" rel=\"noopener\">Patios educadores y puntos verdes de la Ciudad<\/a><br>Entrevista UIK, Universitat del Pa\u00eds Basc. Juny 2022<\/p>\n\n\n\n<p><em>+<\/em> <a href=\"https:\/\/diarieducacio.cat\/cap-a-on-va-la-transformacio-en-verd-de-lescola\/\" target=\"_blank\" rel=\"noopener\">Cap a on va la transformaci\u00f3 de l&#8217;escola?<\/a><br>Article publicat al Diari de l&#8217;Educaci\u00f3. Maig 2022<\/p>\n\n\n\n<p><em>+<\/em> <a href=\"https:\/\/elpais.com\/educacion\/2022-03-06\/el-patio-un-espacio-de-aprendizaje-para-todos.html?fbclid=IwAR10JeJayEXbScpmkLXaivlXtqLUXtTXtMCclabnAxkhMXAqxeSQjA-LjzE\" target=\"_blank\" rel=\"noopener\">El patio, un espacio de aprendizaje para todos<\/a><br>Entrevista El Pais. Marzo 2022<\/p>\n\n\n\n<p><em>+<\/em> <a href=\"https:\/\/elpais.com\/mamas-papas\/actualidad\/2022-10-26\/patios-escolares-verdes-una-iniciativa-de-los-colegios-para-aprender-sobre-la-naturaleza-y-frenar-el-cambio-climatico.html?fbclid=IwAR3wTOwPmhtOn1GsJ3WwYKHv4ZAvdOKejBPPTthtJs_sgYWAG81xe-OkTRo&amp;event_log=go&amp;event_log=go\" target=\"_blank\" rel=\"noopener\">Patios escolares verdes, una iniciativa de los colegios para conectar con la naturaleza y frenar el cambio clim\u00e1tico<\/a><br>Entrevista El pais. Octubre 2022<\/p>\n\n\n\n<p>+ <a href=\"https:\/\/www.grao.com\/revistas\/renaturalitzar-els-espais-i-els-temps-educatius-42842\" target=\"_blank\" rel=\"noopener\">Renaturalitzar els espais i els temps educatius<\/a><br>Dossier, 7. Gra\u00f3 (2021). Coord. Cal\u00e7ada, P. , Artero, M.<\/p>\n\n\n\n<p><em>+<\/em> <a href=\"https:\/\/thegreenballoon.org\/patisxclima\/wp-content\/uploads\/2021\/09\/mas-alla-del-edificio-de-la-escueal-el-globus-vermell-ecohabitar-70.pdf\" target=\"_blank\" rel=\"noopener\">M\u00e1s all\u00e1 del edificio de la escuela. Escenarios naturales para aprehender<\/a><br>Revista EcoHabitar, n\u00fam. 70. Verano 2021 | ISSN: 1697-9583<\/p>\n\n\n\n<p><em>+<\/em> <a href=\"https:\/\/thegreenballoon.org\/patisxclima\/wp-content\/uploads\/2019\/09\/EcoHabitar-62-las-escuelas-como-refugios-clima\u0301ticos.pdf\" target=\"_blank\" rel=\"noopener noreferrer\">Refugios clim\u00e1ticos. Transformaci\u00f3n de las escuelas en una red de refugios urbanos<\/a><br>Revista EcoHabitar, n\u00fam. 62. Verano 2019 | ISSN: 1697-9583<\/p>\n\n\n\n<p><em>+<\/em> <a href=\"https:\/\/thegreenballoon.org\/patisxclima\/wp-content\/uploads\/2019\/12\/Punts-clau-en-la-transformacio\u0301-dels-espais-escolars-article-el-globus-vermell.pdf\" target=\"_blank\" rel=\"noopener noreferrer\">Punts clau en la transformaci\u00f3 dels espais escolars<\/a><br>El Globus Vermell. Estiu 2018<\/p>\n\n\n\n<p><em>+<\/em> <a href=\"https:\/\/elglobusvermell.org\/serveis\/articles\/un-arbol-un-lugar-una-ciudad\/\" target=\"_blank\" rel=\"noopener noreferrer\">Un \u00e1rbol, un lugar, una ciudad. La ciudad del futuro imaginada por ni\u00f1as y ni\u00f1os<\/a><br>Revista EcoHabitar, n\u00fam. 57. Primavera 2018 | ISSN: 1697-9583<\/p>\n\n\n\n<p><em>+ <\/em><a href=\"https:\/\/elglobusvermell.org\/serveis\/articulos\/mas-que-reverdecer-un-patio-2\/\" target=\"_blank\" rel=\"noopener noreferrer\">M\u00e1s que reverdecer un patio. La permacultura como herramienta de transformaci\u00f3n en las escuelas<\/a><em><br><\/em>Revista EcoHabitar, n\u00fam. 55. Oto\u00f1o 2017 | ISSN: 1697-9583<\/p>\n\n\n\n<p><em>+ <\/em><a href=\"https:\/\/elglobusvermell.org\/serveis\/articulos\/la-permacultura-como-herramienta-integral-educativa-2\/\" target=\"_blank\" rel=\"noopener noreferrer\">La permacultura como herramienta integral educativa<\/a><em><br><\/em>Revista EcoHabitar, n\u00fam. 52. Invierno 2016-2017 | ISSN: 1697-9583<\/p>\n","protected":false},"excerpt":{"rendered":"<p>+ El pati de l&#8217;escola pot ser clau en la lluita contra la calorArticle publicat a okdiario.com. Juny 2025 + &#8230; <a title=\"publicacions\" class=\"read-more\" href=\"https:\/\/thegreenballoon.org\/patisxclima\/publicacions\/\" aria-label=\"M\u00e9s informaci\u00f3 sobre publicacions\">[+]<\/a><\/p>\n","protected":false},"author":13,"featured_media":0,"parent":0,"menu_order":0,"comment_status":"closed","ping_status":"closed","template":"","meta":{"footnotes":""},"class_list":{"0":"post-1854","1":"page","2":"type-page","3":"status-publish","5":"infinite-scroll-item","6":"no-featured-image-padding"},"_links":{"self":[{"href":"https:\/\/thegreenballoon.org\/patisxclima\/wp-json\/wp\/v2\/pages\/1854","targetHints":{"allow":["GET"]}}],"collection":[{"href":"https:\/\/thegreenballoon.org\/patisxclima\/wp-json\/wp\/v2\/pages"}],"about":[{"href":"https:\/\/thegreenballoon.org\/patisxclima\/wp-json\/wp\/v2\/types\/page"}],"author":[{"embeddable":true,"href":"https:\/\/thegreenballoon.org\/patisxclima\/wp-json\/wp\/v2\/users\/13"}],"replies":[{"embeddable":true,"href":"https:\/\/thegreenballoon.org\/patisxclima\/wp-json\/wp\/v2\/comments?post=1854"}],"version-history":[{"count":8,"href":"https:\/\/thegreenballoon.org\/patisxclima\/wp-json\/wp\/v2\/pages\/1854\/revisions"}],"predecessor-version":[{"id":12248,"href":"https:\/\/thegreenballoon.org\/patisxclima\/wp-json\/wp\/v2\/pages\/1854\/revisions\/12248"}],"wp:attachment":[{"href":"https:\/\/thegreenballoon.org\/patisxclima\/wp-json\/wp\/v2\/media?parent=1854"}],"curies":[{"name":"wp","href":"https:\/\/api.w.org\/{rel}","templated":true}]}}